{"id":254,"date":"2023-06-21T11:25:25","date_gmt":"2023-06-21T09:25:25","guid":{"rendered":"https:\/\/xervigo.com\/faqs\/"},"modified":"2024-01-18T15:20:13","modified_gmt":"2024-01-18T14:20:13","slug":"faqs","status":"publish","type":"page","link":"https:\/\/xervigo.com\/gl\/faqs\/","title":{"rendered":"FAQs"},"content":{"rendered":"\n<section class=\"tpk-hero                 lower\"\n         style=\"\">\n                        <picture >\n\n                    <source srcset=\"https:\/\/xervigo.com\/wp-content\/uploads\/sites\/18\/2023\/06\/56e55f53cdc87_portada-preguntas-frecuentes-480x300.jpg\" media=\"((min-width: 0rem) and (max-width: 30rem))\">\n                             <source srcset=\"https:\/\/xervigo.com\/wp-content\/uploads\/sites\/18\/2023\/06\/56e55f53cdc87_portada-preguntas-frecuentes-1024x300.jpg\" media=\"(min-width: 30rem) and (max-width: 64rem)\" >\n                            <source srcset=\"https:\/\/xervigo.com\/wp-content\/uploads\/sites\/18\/2023\/06\/56e55f53cdc87_portada-preguntas-frecuentes.jpg\" media=\"(min-width: 64rem)\" >\n        \n        \n                                                                                                        \n        <img src=\"https:\/\/xervigo.com\/wp-content\/uploads\/sites\/18\/2023\/06\/56e55f53cdc87_portada-preguntas-frecuentes.jpg\" alt=\"\"  width=\"1140\" height=\"300\"  loading=\"eager\">\n    <\/picture>\n\n    \n        <div class=\"tpk-hero__content wrapper row\">\n                    <div class=\"col-xs-12 col-sm-12 pr-h pl-h\">\n                                <header class=\"tpk-head  wrapper\">\n        <h1 class=\"tpk-head__title\">FAQs<\/h1>    <\/header>\n            \n                    <\/div>\n    <\/div>\n    <\/section>\n<div class=\"tpk-spinner__wrapper\">\n    <div class=\"tpk-spinner\"><\/div>\n<\/div>\n\n<section id=\"tpk-faqs\"\n         class=\"tpk-faqs  \">\n                <div class=\"wrapper pl-1 pr-1\">\n                        <header class=\"tpk-head  wrapper\">\n    <p class=\"tpk-head__caption\">Preguntas frecuentes<\/p>    <h2 class=\"tpk-head__title\">Resolvemos as t\u00faas d\u00fabidas<\/h2>    <div class=\"content\">\n<p><em>Consulta neste apartado calquera d\u00fabida sobre o Servizo de Aparcadoiro Regulado en Vigo<\/em><\/p>\n<\/div>\n<\/header>        <\/div>\n        <div class=\"wrapper row\">\n                    <div class=\"col-xs-12 col-no-gutter\">\n                <div class=\"wrapper row pl-1 pr-1\">\n    <div class=\"col-xs-12 col-no-gutter\">\n                <div class=\"tpk-faq\">\n            <a  href=\"https:\/\/xervigo.com\/gl\/faqs\/existe-alguna-otra-forma-de-pago-que-no-sea-en-metalico-para-abonar-el-estacionamiento-en-la-zona-azul\/\"  class=\"tpk-faq__button\" data-id=\"233\" data-type=\"detail\">\n                                \u00bfExiste alguna otra forma de pago que no sea en met\u00e1lico para abonar el estacionamiento en la zona azul?\n                <span class=\"icon icon-chevron-right icon--sm\">\n                <\/span>\n            <\/a>\n        <\/div>\n                <div class=\"tpk-faq\">\n            <a  href=\"https:\/\/xervigo.com\/gl\/faqs\/que-es-el-pago-por-movil-telpark\/\"  class=\"tpk-faq__button\" data-id=\"234\" data-type=\"detail\">\n                                \u00bfQu\u00e9 es el pago por m\u00f3vil Telpark?\n                <span class=\"icon icon-chevron-right icon--sm\">\n                <\/span>\n            <\/a>\n        <\/div>\n                <div class=\"tpk-faq\">\n            <a  href=\"https:\/\/xervigo.com\/gl\/faqs\/donde-encuentro-informacion-de-vigo-en-la-web-de-dornier\/\"  class=\"tpk-faq__button\" data-id=\"235\" data-type=\"detail\">\n                                \u00bfD\u00f3nde encuentro informaci\u00f3n de Vigo en la web de Dornier?\n                <span class=\"icon icon-chevron-right icon--sm\">\n                <\/span>\n            <\/a>\n        <\/div>\n                <div class=\"tpk-faq\">\n            <a  href=\"https:\/\/xervigo.com\/gl\/faqs\/cuanto-tiempo-tengo-para-anular-la-denuncia\/\"  class=\"tpk-faq__button\" data-id=\"236\" data-type=\"detail\">\n                                \u00bfCu\u00e1nto tiempo tengo para anular la denuncia?\n                <span class=\"icon icon-chevron-right icon--sm\">\n                <\/span>\n            <\/a>\n        <\/div>\n                <div class=\"tpk-faq\">\n            <a  href=\"https:\/\/xervigo.com\/gl\/faqs\/cuales-son-las-tarifas-por-anulaciones\/\"  class=\"tpk-faq__button\" data-id=\"237\" data-type=\"detail\">\n                                \u00bfCu\u00e1les son las tarifas por anulaciones?\n                <span class=\"icon icon-chevron-right icon--sm\">\n                <\/span>\n            <\/a>\n        <\/div>\n                <div class=\"tpk-faq\">\n            <a  href=\"https:\/\/xervigo.com\/gl\/faqs\/como-puedo-justificar-ante-mi-empresa-este-gasto\/\"  class=\"tpk-faq__button\" data-id=\"238\" data-type=\"detail\">\n                                \u00bfC\u00f3mo puedo justificar ante mi empresa este gasto?\n                <span class=\"icon icon-chevron-right icon--sm\">\n                <\/span>\n            <\/a>\n        <\/div>\n                <div class=\"tpk-faq\">\n            <a  href=\"https:\/\/xervigo.com\/gl\/faqs\/como-puedo-deducirme-este-concepto\/\"  class=\"tpk-faq__button\" data-id=\"239\" data-type=\"detail\">\n                                \u00bfC\u00f3mo puedo deducirme este concepto?\n                <span class=\"icon icon-chevron-right icon--sm\">\n                <\/span>\n            <\/a>\n        <\/div>\n                <div class=\"tpk-faq\">\n            <a  href=\"https:\/\/xervigo.com\/gl\/faqs\/que-ocurre-si-saco-tique-despues-de-fin-del-horario-de-regulacion-por-ejemplo-despues-de-las-2000-horas-o-en-dia-festivo\/\"  class=\"tpk-faq__button\" data-id=\"240\" data-type=\"detail\">\n                                \u00bfQu\u00e9 ocurre si saco tique despu\u00e9s de fin del horario de regulaci\u00f3n? \u00bfPor ejemplo despu\u00e9s de las 20:00 horas o en d\u00eda festivo?\n                <span class=\"icon icon-chevron-right icon--sm\">\n                <\/span>\n            <\/a>\n        <\/div>\n                <div class=\"tpk-faq\">\n            <a  href=\"https:\/\/xervigo.com\/gl\/faqs\/el-controlador-es-un-empleado-del-ayuntamiento\/\"  class=\"tpk-faq__button\" data-id=\"241\" data-type=\"detail\">\n                                \u00bfEl controlador es un empleado del ayuntamiento?\n                <span class=\"icon icon-chevron-right icon--sm\">\n                <\/span>\n            <\/a>\n        <\/div>\n                <div class=\"tpk-faq\">\n            <a  href=\"https:\/\/xervigo.com\/gl\/faqs\/si-recibo-una-multa-en-mi-domicilio-donde-he-de-ir-a-pagar-reclamar\/\"  class=\"tpk-faq__button\" data-id=\"242\" data-type=\"detail\">\n                                \u00bfSi recibo una multa en mi domicilio, d\u00f3nde he de ir a pagar\/reclamar?\n                <span class=\"icon icon-chevron-right icon--sm\">\n                <\/span>\n            <\/a>\n        <\/div>\n                <div class=\"tpk-faq\">\n            <a  href=\"https:\/\/xervigo.com\/gl\/faqs\/cada-cuanto-tiempo-pasan-los-controladores\/\"  class=\"tpk-faq__button\" data-id=\"243\" data-type=\"detail\">\n                                \u00bfCada cu\u00e1nto tiempo pasan los controladores?\n                <span class=\"icon icon-chevron-right icon--sm\">\n                <\/span>\n            <\/a>\n        <\/div>\n                <div class=\"tpk-faq\">\n            <a  href=\"https:\/\/xervigo.com\/gl\/faqs\/si-se-me-ha-pasado-5-minutos-de-tiempo-cuando-viene-el-controlador-me-va-a-multar\/\"  class=\"tpk-faq__button\" data-id=\"244\" data-type=\"detail\">\n                                Si se me ha pasado 5 minutos de tiempo cuando viene el controlador, \u00bfme va a multar?\n                <span class=\"icon icon-chevron-right icon--sm\">\n                <\/span>\n            <\/a>\n        <\/div>\n                <div class=\"tpk-faq\">\n            <a  href=\"https:\/\/xervigo.com\/gl\/faqs\/que-debo-de-hacer-con-el-justificante-de-la-anulacion\/\"  class=\"tpk-faq__button\" data-id=\"245\" data-type=\"detail\">\n                                \u00bfQu\u00e9 debo de hacer con el justificante de la anulaci\u00f3n?\n                <span class=\"icon icon-chevron-right icon--sm\">\n                <\/span>\n            <\/a>\n        <\/div>\n                <div class=\"tpk-faq\">\n            <a  href=\"https:\/\/xervigo.com\/gl\/faqs\/cerca-de-mi-domicilio-no-existe-ninguna-zona-de-aparcamiento-reservada-para-personas-con-movilidad-reducida-puedo-solicitar-que-pongan-una\/\"  class=\"tpk-faq__button\" data-id=\"246\" data-type=\"detail\">\n                                Cerca de mi domicilio no existe ninguna zona de aparcamiento reservada para personas con movilidad reducida \u00bfpuedo solicitar que pongan una?\n                <span class=\"icon icon-chevron-right icon--sm\">\n                <\/span>\n            <\/a>\n        <\/div>\n                <div class=\"tpk-faq\">\n            <a  href=\"https:\/\/xervigo.com\/gl\/faqs\/tengo-que-pagar-en-zona-azul-si-tengo-tarjeta-de-movilidad-reducida\/\"  class=\"tpk-faq__button\" data-id=\"247\" data-type=\"detail\">\n                                \u00bfTengo que pagar en zona azul si tengo tarjeta de movilidad reducida?\n                <span class=\"icon icon-chevron-right icon--sm\">\n                <\/span>\n            <\/a>\n        <\/div>\n                <div class=\"tpk-faq\">\n            <a  href=\"https:\/\/xervigo.com\/gl\/faqs\/me-han-denunciado-habiendo-realizado-el-pago-con-telpark-como-lo-puedo-solucionar\/\"  class=\"tpk-faq__button\" data-id=\"248\" data-type=\"detail\">\n                                Me han denunciado habiendo realizado el pago con Telpark, \u00bfc\u00f3mo lo puedo solucionar?\n                <span class=\"icon icon-chevron-right icon--sm\">\n                <\/span>\n            <\/a>\n        <\/div>\n                <div class=\"tpk-faq\">\n            <a  href=\"https:\/\/xervigo.com\/gl\/faqs\/resido-en-una-calle-regulada-puedo-estacionar-mi-vehiculo-con-las-tarifas-y-ventajas-de-residentes\/\"  class=\"tpk-faq__button\" data-id=\"249\" data-type=\"detail\">\n                                Resido en una calle regulada, \u00bfpuedo estacionar mi veh\u00edculo con las tarifas y ventajas de residentes?\n                <span class=\"icon icon-chevron-right icon--sm\">\n                <\/span>\n            <\/a>\n        <\/div>\n                <div class=\"tpk-faq\">\n            <a  href=\"https:\/\/xervigo.com\/gl\/faqs\/como-puedo-obtener-mi-distintivo-de-residente\/\"  class=\"tpk-faq__button\" data-id=\"250\" data-type=\"detail\">\n                                \u00bfC\u00f3mo puedo obtener mi distintivo de residente?\n                <span class=\"icon icon-chevron-right icon--sm\">\n                <\/span>\n            <\/a>\n        <\/div>\n                <div class=\"tpk-faq\">\n            <a  href=\"https:\/\/xervigo.com\/gl\/faqs\/si-me-desempadrono-una-vez-ha-obtenido-mi-vehiculo-la-condicion-de-residente-en-zona-xer-puedo-seguir-aparcando-el-vehiculo-en-mi-zona-de-residente\/\"  class=\"tpk-faq__button\" data-id=\"251\" data-type=\"detail\">\n                                Si me desempadrono una vez ha obtenido mi veh\u00edculo la condici\u00f3n de residente en zona XER, \u00bfpuedo seguir aparcando el veh\u00edculo en mi zona de residente?\n                <span class=\"icon icon-chevron-right icon--sm\">\n                <\/span>\n            <\/a>\n        <\/div>\n                <div class=\"tpk-faq\">\n            <a  href=\"https:\/\/xervigo.com\/gl\/faqs\/con-el-pago-con-movil-no-es-necesario-colocar-el-tique-en-el-vehiculo\/\"  class=\"tpk-faq__button\" data-id=\"252\" data-type=\"detail\">\n                                \u00bfCon el pago con m\u00f3vil no es necesario colocar el tique en el veh\u00edculo?\n                <span class=\"icon icon-chevron-right icon--sm\">\n                <\/span>\n            <\/a>\n        <\/div>\n            <\/div>\n<\/div>            <\/div>\n            <\/div>\n    <\/section>\n\n\n\n<section class=\"tpk-banner-app \">\n    <div class=\"row wrapper middle-xs\">\n        <div class=\"col-xs-12 col-sm-6 col-no-gutter tpk-banner-app__picture\">\n                                                <picture class=\"hide-xs show-sm\">\n\n                             <source srcset=\"https:\/\/xervigo.com\/wp-content\/uploads\/sites\/18\/2023\/06\/banner_app_qr-488x398.png\" media=\"(min-width: 30rem) and (max-width: 64rem)\" >\n                            <source srcset=\"https:\/\/xervigo.com\/wp-content\/uploads\/sites\/18\/2023\/06\/banner_app_qr.png\" media=\"(min-width: 64rem)\" >\n        \n        \n                                                                                                        \n        <img src=\"https:\/\/xervigo.com\/wp-content\/uploads\/sites\/18\/2023\/06\/banner_app_qr.png\" alt=\"\"  width=\"518\" height=\"398\"  loading=\"lazy\" >\n    <\/picture>\n\n                                <\/div>\n        <div class=\"col-xs-12 col-sm-6 tpk-banner-app__content\">\n                        <header class=\"tpk-head  wrapper\">\n    <p class=\"tpk-head__caption\">Aparca e vai<\/p>    <h2 class=\"tpk-head__title\">Escanea o c\u00f3digo co teu m\u00f3bil para descargar a aplicaci\u00f3n<\/h2>    <\/header>\n                        <div class=\"tpk-banner-app__buttons\">\n                                                                                                                    \n    <a href=\"https:\/\/play.google.com\/store\/apps\/details?id=com.delaware.empark\" class=\"tpk-button tpk-button--app dark\" target=\"_blank\">\n        <svg width=\"23\" height=\"26\" viewBox=\"0 0 23 26\" fill=\"none\" xmlns=\"http:\/\/www.w3.org\/2000\/svg\">\n            <path fill-rule=\"evenodd\" clip-rule=\"evenodd\" d=\"M0.862422 0.87988C0.581172 1.18175 0.419922 1.64675 0.419922 2.25113V23.7411C0.419922 24.3455 0.581172 24.8105 0.873047 25.1018L0.949297 25.1661L12.9905 13.1249V12.8543L0.938672 0.815505L0.862422 0.87988Z\" fill=\"url(#paint0_linear_9_9)\"\/>\n            <path fill-rule=\"evenodd\" clip-rule=\"evenodd\" d=\"M16.9962 17.1543L12.98 13.1368V12.8556L16.9975 8.83807L17.0843 8.89182L21.8362 11.5924C23.1968 12.3593 23.1968 13.6231 21.8362 14.4006L17.0843 17.1012L16.9962 17.1543Z\" fill=\"url(#paint1_linear_9_9)\"\/>\n            <path fill-rule=\"evenodd\" clip-rule=\"evenodd\" d=\"M17.083 17.1005L12.9799 12.9961L0.862371 25.1136C1.30487 25.5892 2.04987 25.643 2.88237 25.178L17.083 17.1005Z\" fill=\"url(#paint2_linear_9_9)\"\/>\n            <path fill-rule=\"evenodd\" clip-rule=\"evenodd\" d=\"M17.083 8.89304L2.88237 0.82616C2.05112 0.350535 1.30487 0.41491 0.862371 0.890535L12.9786 12.9962L17.083 8.89304Z\" fill=\"url(#paint3_linear_9_9)\"\/>\n            <defs>\n            <linearGradient id=\"paint0_linear_9_9\" x1=\"35.6607\" y1=\"-6.74995\" x2=\"-5.23028\" y2=\"12.2052\" gradientUnits=\"userSpaceOnUse\">\n            <stop stop-color=\"#047ED6\"\/>\n            <stop offset=\"1\" stop-color=\"#50E6FF\"\/>\n            <\/linearGradient>\n            <linearGradient id=\"paint1_linear_9_9\" x1=\"24.5643\" y1=\"12.9971\" x2=\"-6.03917\" y2=\"12.9971\" gradientUnits=\"userSpaceOnUse\">\n            <stop stop-color=\"#FFDA1C\"\/>\n            <stop offset=\"1\" stop-color=\"#FEB705\"\/>\n            <\/linearGradient>\n            <linearGradient id=\"paint2_linear_9_9\" x1=\"19.7657\" y1=\"4.95934\" x2=\"-15.0772\" y2=\"45.5368\" gradientUnits=\"userSpaceOnUse\">\n            <stop stop-color=\"#D9414F\"\/>\n            <stop offset=\"1\" stop-color=\"#8C193F\"\/>\n            <\/linearGradient>\n            <linearGradient id=\"paint3_linear_9_9\" x1=\"-2.18997\" y1=\"-6.27096\" x2=\"4.71665\" y2=\"5.36978\" gradientUnits=\"userSpaceOnUse\">\n            <stop stop-color=\"#33C481\"\/>\n            <stop offset=\"1\" stop-color=\"#61E3A7\"\/>\n            <\/linearGradient>\n            <\/defs>\n            <\/svg>\n        <div>\n            <span>Disponible en<\/span>\n            Google Play\n        <\/div>\n    <\/a>\n                                                                                                                                                                                <a href=\"https:\/\/apps.apple.com\/es\/app\/telpark\/id658204860\" class=\"tpk-button tpk-button--app dark\" target=\"_blank\">\n        <svg width=\"25\" height=\"30\" viewBox=\"0 0 25 30\" fill=\"none\" xmlns=\"http:\/\/www.w3.org\/2000\/svg\">\n            <path d=\"M23.643 10.227C23.469 10.362 20.397 12.093 20.397 15.942C20.397 20.394 24.306 21.969 24.423 22.008C24.405 22.104 23.802 24.165 22.362 26.265C21.078 28.113 19.737 29.958 17.697 29.958C15.657 29.958 15.132 28.773 12.777 28.773C10.482 28.773 9.666 29.997 7.8 29.997C5.934 29.997 4.632 28.287 3.135 26.187C1.401 23.721 0 19.89 0 16.254C0 10.422 3.792 7.329 7.524 7.329C9.507 7.329 11.16 8.631 12.405 8.631C13.59 8.631 15.438 7.251 17.694 7.251C18.549 7.251 21.621 7.329 23.643 10.227V10.227ZM16.623 4.782C17.556 3.675 18.216 2.139 18.216 0.603C18.216 0.39 18.198 0.174 18.159 0C16.641 0.057 14.835 1.011 13.746 2.274C12.891 3.246 12.093 4.782 12.093 6.339C12.093 6.573 12.132 6.807 12.15 6.882C12.246 6.9 12.402 6.921 12.558 6.921C13.92 6.921 15.633 6.009 16.623 4.782Z\" fill=\"white\"\/>\n        <\/svg>\n        <div>\n            <span>Disponible en<\/span>\n            Apple Store\n        <\/div>\n    <\/a>\n\n                                                                        <\/div>\n        <\/div>\n    <\/div>\n<\/section>\n","protected":false},"excerpt":{"rendered":"","protected":false},"author":1,"featured_media":0,"parent":0,"menu_order":0,"comment_status":"closed","ping_status":"closed","template":"","meta":[],"yoast_head":"<!-- This site is optimized with the Yoast SEO plugin v20.12 - https:\/\/yoast.com\/wordpress\/plugins\/seo\/ -->\n<title>FAQs - XER Vigo<\/title>\n<meta name=\"robots\" content=\"index, follow, max-snippet:-1, max-image-preview:large, max-video-preview:-1\" \/>\n<link rel=\"canonical\" href=\"https:\/\/xervigo.com\/gl\/faqs\/\" \/>\n<meta property=\"og:locale\" content=\"gl_ES\" \/>\n<meta property=\"og:type\" content=\"article\" \/>\n<meta property=\"og:title\" content=\"FAQs - XER Vigo\" \/>\n<meta property=\"og:url\" content=\"https:\/\/xervigo.com\/gl\/faqs\/\" \/>\n<meta property=\"og:site_name\" content=\"XER Vigo\" \/>\n<meta property=\"article:modified_time\" content=\"2024-01-18T14:20:13+00:00\" \/>\n<meta name=\"twitter:card\" content=\"summary_large_image\" \/>\n<script type=\"application\/ld+json\" class=\"yoast-schema-graph\">{\"@context\":\"https:\/\/schema.org\",\"@graph\":[{\"@type\":\"WebPage\",\"@id\":\"https:\/\/xervigo.com\/gl\/faqs\/\",\"url\":\"https:\/\/xervigo.com\/gl\/faqs\/\",\"name\":\"FAQs - XER Vigo\",\"isPartOf\":{\"@id\":\"https:\/\/xervigo.com\/#website\"},\"datePublished\":\"2023-06-21T09:25:25+00:00\",\"dateModified\":\"2024-01-18T14:20:13+00:00\",\"breadcrumb\":{\"@id\":\"https:\/\/xervigo.com\/gl\/faqs\/#breadcrumb\"},\"inLanguage\":\"gl-ES\",\"potentialAction\":[{\"@type\":\"ReadAction\",\"target\":[\"https:\/\/xervigo.com\/gl\/faqs\/\"]}]},{\"@type\":\"BreadcrumbList\",\"@id\":\"https:\/\/xervigo.com\/gl\/faqs\/#breadcrumb\",\"itemListElement\":[{\"@type\":\"ListItem\",\"position\":1,\"name\":\"Home\",\"item\":\"https:\/\/xervigo.com\/gl\/\"},{\"@type\":\"ListItem\",\"position\":2,\"name\":\"FAQs\"}]},{\"@type\":\"WebSite\",\"@id\":\"https:\/\/xervigo.com\/#website\",\"url\":\"https:\/\/xervigo.com\/\",\"name\":\"XER Vigo\",\"description\":\"Just another ORA Sites site\",\"publisher\":{\"@id\":\"https:\/\/xervigo.com\/#organization\"},\"potentialAction\":[{\"@type\":\"SearchAction\",\"target\":{\"@type\":\"EntryPoint\",\"urlTemplate\":\"https:\/\/xervigo.com\/?s={search_term_string}\"},\"query-input\":\"required name=search_term_string\"}],\"inLanguage\":\"gl-ES\"},{\"@type\":\"Organization\",\"@id\":\"https:\/\/xervigo.com\/#organization\",\"name\":\"XER Vigo\",\"url\":\"https:\/\/xervigo.com\/\",\"logo\":{\"@type\":\"ImageObject\",\"inLanguage\":\"gl-ES\",\"@id\":\"https:\/\/xervigo.com\/#\/schema\/logo\/image\/\",\"url\":\"https:\/\/xervigo.com\/wp-content\/uploads\/sites\/18\/2023\/06\/logo-vigo.jpg\",\"contentUrl\":\"https:\/\/xervigo.com\/wp-content\/uploads\/sites\/18\/2023\/06\/logo-vigo.jpg\",\"width\":128,\"height\":32,\"caption\":\"XER Vigo\"},\"image\":{\"@id\":\"https:\/\/xervigo.com\/#\/schema\/logo\/image\/\"}}]}<\/script>\n<!-- \/ Yoast SEO plugin. -->","yoast_head_json":{"title":"FAQs - XER Vigo","robots":{"index":"index","follow":"follow","max-snippet":"max-snippet:-1","max-image-preview":"max-image-preview:large","max-video-preview":"max-video-preview:-1"},"canonical":"https:\/\/xervigo.com\/gl\/faqs\/","og_locale":"gl_ES","og_type":"article","og_title":"FAQs - XER Vigo","og_url":"https:\/\/xervigo.com\/gl\/faqs\/","og_site_name":"XER Vigo","article_modified_time":"2024-01-18T14:20:13+00:00","twitter_card":"summary_large_image","schema":{"@context":"https:\/\/schema.org","@graph":[{"@type":"WebPage","@id":"https:\/\/xervigo.com\/gl\/faqs\/","url":"https:\/\/xervigo.com\/gl\/faqs\/","name":"FAQs - XER Vigo","isPartOf":{"@id":"https:\/\/xervigo.com\/#website"},"datePublished":"2023-06-21T09:25:25+00:00","dateModified":"2024-01-18T14:20:13+00:00","breadcrumb":{"@id":"https:\/\/xervigo.com\/gl\/faqs\/#breadcrumb"},"inLanguage":"gl-ES","potentialAction":[{"@type":"ReadAction","target":["https:\/\/xervigo.com\/gl\/faqs\/"]}]},{"@type":"BreadcrumbList","@id":"https:\/\/xervigo.com\/gl\/faqs\/#breadcrumb","itemListElement":[{"@type":"ListItem","position":1,"name":"Home","item":"https:\/\/xervigo.com\/gl\/"},{"@type":"ListItem","position":2,"name":"FAQs"}]},{"@type":"WebSite","@id":"https:\/\/xervigo.com\/#website","url":"https:\/\/xervigo.com\/","name":"XER Vigo","description":"Just another ORA Sites site","publisher":{"@id":"https:\/\/xervigo.com\/#organization"},"potentialAction":[{"@type":"SearchAction","target":{"@type":"EntryPoint","urlTemplate":"https:\/\/xervigo.com\/?s={search_term_string}"},"query-input":"required name=search_term_string"}],"inLanguage":"gl-ES"},{"@type":"Organization","@id":"https:\/\/xervigo.com\/#organization","name":"XER Vigo","url":"https:\/\/xervigo.com\/","logo":{"@type":"ImageObject","inLanguage":"gl-ES","@id":"https:\/\/xervigo.com\/#\/schema\/logo\/image\/","url":"https:\/\/xervigo.com\/wp-content\/uploads\/sites\/18\/2023\/06\/logo-vigo.jpg","contentUrl":"https:\/\/xervigo.com\/wp-content\/uploads\/sites\/18\/2023\/06\/logo-vigo.jpg","width":128,"height":32,"caption":"XER Vigo"},"image":{"@id":"https:\/\/xervigo.com\/#\/schema\/logo\/image\/"}}]}},"meta_box":[],"_links":{"self":[{"href":"https:\/\/xervigo.com\/gl\/wp-json\/wp\/v2\/pages\/254"}],"collection":[{"href":"https:\/\/xervigo.com\/gl\/wp-json\/wp\/v2\/pages"}],"about":[{"href":"https:\/\/xervigo.com\/gl\/wp-json\/wp\/v2\/types\/page"}],"author":[{"embeddable":true,"href":"https:\/\/xervigo.com\/gl\/wp-json\/wp\/v2\/users\/1"}],"replies":[{"embeddable":true,"href":"https:\/\/xervigo.com\/gl\/wp-json\/wp\/v2\/comments?post=254"}],"version-history":[{"count":3,"href":"https:\/\/xervigo.com\/gl\/wp-json\/wp\/v2\/pages\/254\/revisions"}],"predecessor-version":[{"id":3948,"href":"https:\/\/xervigo.com\/gl\/wp-json\/wp\/v2\/pages\/254\/revisions\/3948"}],"wp:attachment":[{"href":"https:\/\/xervigo.com\/gl\/wp-json\/wp\/v2\/media?parent=254"}],"curies":[{"name":"wp","href":"https:\/\/api.w.org\/{rel}","templated":true}]}}