{"id":256,"date":"2023-06-21T11:24:39","date_gmt":"2023-06-21T11:24:39","guid":{"rendered":"https:\/\/xervigo.com\/politica-de-privacidad\/"},"modified":"2023-06-21T11:24:39","modified_gmt":"2023-06-21T11:24:39","slug":"politica-de-privacidad","status":"publish","type":"page","link":"https:\/\/xervigo.com\/gl\/politica-de-privacidad\/","title":{"rendered":"Pol\u00edtica de Privacidad"},"content":{"rendered":"\n<p><strong>1. Responsable del tratamiento<\/strong><\/p>\n\n\n\n<p>El responsable del tratamiento de los datos personales que nos proporcione es <strong>Dornier, S.A.&nbsp;(\u201cDornier\u201d)<\/strong> con CIF A58369497. Los datos de contacto del responsable son los siguientes:<\/p>\n\n\n\n<ul><li>Direcci\u00f3n postal: C\/ Avenida del General Per\u00f3n n\u00ba36, 1\u00aa Planta, 28020.<\/li><li>Tel\u00e9fono: 91 54 68 900<\/li><\/ul>\n\n\n\n<p>El Grupo Empark, del que forma parte Dornier, ha nombrado un Delegado de Protecci\u00f3n de Datos, ante el cual podr\u00e1 poner de manifiesto cualquier cuesti\u00f3n relativa al tratamiento de sus datos personales y cuyos datos de contacto son los siguientes:<\/p>\n\n\n\n<ul><li>Direcci\u00f3n postal: C\/ Avenida del General Per\u00f3n n\u00ba36, 1\u00aa Planta, 28020.<\/li><li>Correo electr\u00f3nico: <a href=\"mailto:dpo@empark.com\">dpo@empark.com<\/a><\/li><\/ul>\n\n\n\n<p><strong>2. Finalidades del tratamiento, bases legitimadoras y plazos de conservaci\u00f3n de sus datos<\/strong><\/p>\n\n\n\n<p><em>a). Consultas y peticiones de informaci\u00f3n<\/em><\/p>\n\n\n\n<p>Sus datos podr\u00e1n ser tratados para la atenci\u00f3n, gesti\u00f3n y satisfacci\u00f3n de la consulta o petici\u00f3n de informaci\u00f3n relativa a un servicio que nos remita a trav\u00e9s del formulario de contacto, ubicado en el siguiente enlace: <a href=\"http:\/\/orazamora.com\/es\/atencion-al-publico\">http:\/\/orazamora.com\/es\/atencion-al-publico<\/a>, o a trav\u00e9s de nuestro e-mail&nbsp;oficial del sitio web: <a href=\"mailto:orazamora@dornier.es\">orazamora@dornier.es<\/a>. Estos tratamientos encuentran su base leg\u00edtima en el consentimiento que nos presta a trav\u00e9s del env\u00edo del mail en el que incluye su consulta o a trav\u00e9s del formulario que usted rellene en el enlace anteriormente se\u00f1alado.<\/p>\n\n\n\n<p>Los datos personales facilitados ser\u00e1n conservados mientras sean necesarios para la gesti\u00f3n y satisfacci\u00f3n de su consulta o petici\u00f3n de informaci\u00f3n. Superado este per\u00edodo, los datos ser\u00e1n definitivamente cancelados.<\/p>\n\n\n\n<p><em>&nbsp;b). Aplicaciones a procesos de selecci\u00f3n<\/em><\/p>\n\n\n\n<p>Sus datos tambi\u00e9n podr\u00e1n ser tratados para la gesti\u00f3n del proceso de selecci\u00f3n al que aplique, o para la oferta de un puesto de trabajo, en caso de que usted no aplique a un proceso de selecci\u00f3n concreto, durante el per\u00edodo de 1 a\u00f1o. La base leg\u00edtima para este tratamiento se encuentra en la ejecuci\u00f3n de medidas pre-contractuales, en tanto que la finalidad del proceso de selecci\u00f3n es la posible contrataci\u00f3n laboral.<\/p>\n\n\n\n<p>Los datos personales facilitados ser\u00e1n conservados mientras sean necesarios para la finalizaci\u00f3n de un proceso de selecci\u00f3n espec\u00edfico o para la b\u00fasqueda de una oferta de un puesto de trabajo, durante el per\u00edodo de 1 a\u00f1o. Superados estos per\u00edodos, los datos ser\u00e1n definitivamente cancelados.<\/p>\n\n\n\n<p><em>c). Env\u00edo de comunicaciones comerciales y de oportunidades profesionales a no clientes<\/em><\/p>\n\n\n\n<p>Siempre que haya prestado su consentimiento, sus datos ser\u00e1n tratados para el env\u00edo de comunicaciones comerciales sobre productos o servicios del Grupo Empark o de terceros, relacionados con los sectores de aparcamiento y de pago electr\u00f3nico, o para el env\u00edo de oportunidades profesionales para trabajar con nosotros. La base leg\u00edtima de estos tratamientos es el consentimiento que usted haya prestado. Sus datos ser\u00e1n tratados hasta el momento en el que retire su consentimiento, momento en el cual ser\u00e1n definitivamente cancelados. Podr\u00e1 retirar el consentimiento prestado a trav\u00e9s de los canales contenidos en el apartado 4 de esta Pol\u00edtica. &nbsp;<\/p>\n\n\n\n<p><em>d). Tratamientos realizados sobre los datos personales de nuestros clientes<\/em><\/p>\n\n\n\n<p>En caso de que usted haya contratado uno de nuestros productos o servicios, sus datos ser\u00e1n tratados para la gesti\u00f3n de dichos productos y\/o servicios.<\/p>\n\n\n\n<p>Adicionalmente, Dornier&nbsp;podr\u00e1 tratar sus datos personales para dar cumplimiento a cualquier obligaci\u00f3n legal que le incumba, incluyendo obligaciones tributarias y, en su caso, la normativa local que resulte de aplicaci\u00f3n.<\/p>\n\n\n\n<p>Dornier podr\u00e1 contactar con sus clientes para informarles sobre productos o servicios similares a los contratados y ofrecidos por Dornier&nbsp;que puedan ser de su inter\u00e9s. Para el desarrollo de esta finalidad sus datos ser\u00e1n tratados para aplicar t\u00e9cnicas de perfilado\/segmentaci\u00f3n que permitan que los productos o servicios que podamos ofrecer se ajusten lo m\u00e1ximo posible a sus intereses y necesidades. &nbsp;En este an\u00e1lisis, se podr\u00e1n tener en cuenta sus datos demogr\u00e1ficos, as\u00ed como los referentes al tipo de producto contratado.<\/p>\n\n\n\n<p>En caso de que el cliente haya prestado su consentimiento, sus datos tambi\u00e9n podr\u00e1n ser tratados para informarle sobre otros productos o servicios ofrecidos por el Grupo Empark o por terceros, relacionados con los sectores de aparcamiento y de pago electr\u00f3nico. Para el desarrollo de esta finalidad sus datos ser\u00e1n tratados para aplicar t\u00e9cnicas de perfilado\/segmentaci\u00f3n que permitan que los productos o servicios que podamos ofrecerle se ajusten lo m\u00e1ximo posible a sus intereses y necesidades. En este an\u00e1lisis, se podr\u00e1n tener en cuenta sus datos demogr\u00e1ficos, as\u00ed como los referentes al tipo de producto contratado.<\/p>\n\n\n\n<p>Asimismo, en caso de que el cliente haya prestado su consentimiento, sus datos personales podr\u00e1n ser cedidos a empresas del Grupo Empark o a terceras empresas relacionadas con los sectores de aparcamiento y de pago electr\u00f3nico, con la finalidad de que puedan ponerse en contacto con usted para informarle sobre productos y servicios que estas empresas comercializan.<\/p>\n\n\n\n<p>El cliente podr\u00e1 retirar el consentimiento prestado u oponerse a la recepci\u00f3n de comunicaciones comerciales a trav\u00e9s de los canales especificados en el apartado 4 de esta Pol\u00edtica.<\/p>\n\n\n\n<p>Los datos personales de los clientes ser\u00e1n conservados mientras sean necesarios para las finalidades anteriormente descritas. Para aquellos tratamientos en los que usted haya prestado su consentimiento, sus datos ser\u00e1n tratados hasta el momento en el que retire su consentimiento. En el momento en que no sean necesarios para estas finalidades, los datos ser\u00e1n bloqueados durante el per\u00edodo en el que puedan ser necesarios para el ejercicio o la defensa frente a acciones administrativas o judiciales y solo podr\u00e1n ser desbloqueados y tratados de nuevo por este motivo. Superado este per\u00edodo, los datos ser\u00e1n definitivamente cancelados.<\/p>\n\n\n\n<p><strong>3.&nbsp;Destinatarios de los datos personales<\/strong><\/p>\n\n\n\n<p>Sus datos personales podr\u00e1n ser cedidos a Administraciones, Autoridades y Organismos P\u00fablicos, incluidos Juzgados y Tribunales, cuando as\u00ed lo exija la normativa aplicable.<\/p>\n\n\n\n<p>Tambi\u00e9n podr\u00e1n tener acceso a sus datos personales los proveedores de servicios que Dornier contrate o pueda contratar y que tengan la condici\u00f3n de encargado de tratamiento, as\u00ed como empresas del Grupo Empark, con el \u00fanico prop\u00f3sito de gestionar las finalidades anteriormente descritas.<\/p>\n\n\n\n<p>Tambi\u00e9n podr\u00e1n ser cedidos sus datos personales a empresas del Grupo Empark o a terceras empresas relacionadas con los sectores de aparcamiento y de pago electr\u00f3nico, siempre que, siendo cliente nuestro, haya prestado su consentimiento para ello.<\/p>\n\n\n\n<p>Puede consultar el listado de empresas del Grupo Empark en el siguiente enlace:&nbsp;<a href=\"https:\/\/www.empark.com\/es\/es\/listado-de-sociedades-del-grupo-empark\">https:\/\/www.empark.com\/es\/es\/listado-de-sociedades-del-grupo-empark<\/a><\/p>\n\n\n\n<p><strong>4.&nbsp;&nbsp;Derechos del interesado en relaci\u00f3n con el tratamiento de sus datos personales&nbsp;<\/strong><\/p>\n\n\n\n<p>Usted podr\u00e1 ejercer sus derechos de acceso, rectificaci\u00f3n, cancelaci\u00f3n, limitaci\u00f3n del tratamiento y portabilidad de los datos en los casos y con el alcance que establezca la normativa aplicable en cada momento.<\/p>\n\n\n\n<p>Tambi\u00e9n tiene derecho a retirar el consentimiento prestado en cualquier momento y a oponerse a recibir comunicaciones comerciales.<\/p>\n\n\n\n<p>Para ejercer estos derechos podr\u00e1 dirigirse a Dornier por alguno de los siguientes canales:<\/p>\n\n\n\n<ul><li>Correo postal, adjuntando fotocopia de su D.N.I., pasaporte o cualquier otro documento identificativo, y petici\u00f3n en que se concrete la solicitud a Dornier, S.A., Avenida del General Per\u00f3n, 36, planta 1\u00aa -Departamento de Atenci\u00f3n al Cliente RGPD.<\/li><li>Correo electr\u00f3nico a la direcci\u00f3n<a href=\"mailto:%20dpo@empark.com\"> dpo@empark.com<\/a> con la siguiente informaci\u00f3n: nombre y apellidos del interesado, fotocopia del Documento Nacional de Identidad, pasaporte o cualquier otro documento identificativo, y petici\u00f3n en que se concrete la solicitud.<\/li><\/ul>\n\n\n\n<p>Se le informa, asimismo, de su derecho a presentar una reclamaci\u00f3n ante la Agencia Espa\u00f1ola de Protecci\u00f3n de Datos.<\/p>\n","protected":false},"excerpt":{"rendered":"<p>1. Responsable del tratamiento El responsable del tratamiento de los datos personales que nos proporcione es Dornier, S.A.&nbsp;(\u201cDornier\u201d) con CIF A58369497. Los datos de contacto del responsable son los siguientes: Direcci\u00f3n postal: C\/ Avenida del General Per\u00f3n n\u00ba36, 1\u00aa Planta, 28020. Tel\u00e9fono: 91 54 68 900 El Grupo Empark, del que forma parte Dornier, ha [&hellip;]<\/p>\n","protected":false},"author":1,"featured_media":0,"parent":0,"menu_order":0,"comment_status":"closed","ping_status":"closed","template":"template-privacy.php","meta":[],"yoast_head":"<!-- This site is optimized with the Yoast SEO plugin v20.12 - https:\/\/yoast.com\/wordpress\/plugins\/seo\/ -->\n<title>Pol\u00edtica de Privacidad - XER Vigo<\/title>\n<meta name=\"robots\" content=\"index, follow, max-snippet:-1, max-image-preview:large, max-video-preview:-1\" \/>\n<link rel=\"canonical\" href=\"https:\/\/xervigo.com\/gl\/politica-de-privacidad\/\" \/>\n<meta property=\"og:locale\" content=\"gl_ES\" \/>\n<meta property=\"og:type\" content=\"article\" \/>\n<meta property=\"og:title\" content=\"Pol\u00edtica de Privacidad - XER Vigo\" \/>\n<meta property=\"og:description\" content=\"1. Responsable del tratamiento El responsable del tratamiento de los datos personales que nos proporcione es Dornier, S.A.&nbsp;(\u201cDornier\u201d) con CIF A58369497. Los datos de contacto del responsable son los siguientes: Direcci\u00f3n postal: C\/ Avenida del General Per\u00f3n n\u00ba36, 1\u00aa Planta, 28020. Tel\u00e9fono: 91 54 68 900 El Grupo Empark, del que forma parte Dornier, ha [&hellip;]\" \/>\n<meta property=\"og:url\" content=\"https:\/\/xervigo.com\/gl\/politica-de-privacidad\/\" \/>\n<meta property=\"og:site_name\" content=\"XER Vigo\" \/>\n<meta name=\"twitter:card\" content=\"summary_large_image\" \/>\n<meta name=\"twitter:label1\" content=\"Est. reading time\" \/>\n\t<meta name=\"twitter:data1\" content=\"7 minutes\" \/>\n<script type=\"application\/ld+json\" class=\"yoast-schema-graph\">{\"@context\":\"https:\/\/schema.org\",\"@graph\":[{\"@type\":\"WebPage\",\"@id\":\"https:\/\/xervigo.com\/gl\/politica-de-privacidad\/\",\"url\":\"https:\/\/xervigo.com\/gl\/politica-de-privacidad\/\",\"name\":\"Pol\u00edtica de Privacidad - XER Vigo\",\"isPartOf\":{\"@id\":\"https:\/\/xervigo.com\/#website\"},\"datePublished\":\"2023-06-21T11:24:39+00:00\",\"dateModified\":\"2023-06-21T11:24:39+00:00\",\"breadcrumb\":{\"@id\":\"https:\/\/xervigo.com\/gl\/politica-de-privacidad\/#breadcrumb\"},\"inLanguage\":\"gl-ES\",\"potentialAction\":[{\"@type\":\"ReadAction\",\"target\":[\"https:\/\/xervigo.com\/gl\/politica-de-privacidad\/\"]}]},{\"@type\":\"BreadcrumbList\",\"@id\":\"https:\/\/xervigo.com\/gl\/politica-de-privacidad\/#breadcrumb\",\"itemListElement\":[{\"@type\":\"ListItem\",\"position\":1,\"name\":\"Home\",\"item\":\"https:\/\/xervigo.com\/gl\/\"},{\"@type\":\"ListItem\",\"position\":2,\"name\":\"Pol\u00edtica de Privacidad\"}]},{\"@type\":\"WebSite\",\"@id\":\"https:\/\/xervigo.com\/#website\",\"url\":\"https:\/\/xervigo.com\/\",\"name\":\"XER Vigo\",\"description\":\"Just another ORA Sites site\",\"publisher\":{\"@id\":\"https:\/\/xervigo.com\/#organization\"},\"potentialAction\":[{\"@type\":\"SearchAction\",\"target\":{\"@type\":\"EntryPoint\",\"urlTemplate\":\"https:\/\/xervigo.com\/?s={search_term_string}\"},\"query-input\":\"required name=search_term_string\"}],\"inLanguage\":\"gl-ES\"},{\"@type\":\"Organization\",\"@id\":\"https:\/\/xervigo.com\/#organization\",\"name\":\"XER Vigo\",\"url\":\"https:\/\/xervigo.com\/\",\"logo\":{\"@type\":\"ImageObject\",\"inLanguage\":\"gl-ES\",\"@id\":\"https:\/\/xervigo.com\/#\/schema\/logo\/image\/\",\"url\":\"https:\/\/xervigo.com\/wp-content\/uploads\/sites\/18\/2023\/06\/logo-vigo.jpg\",\"contentUrl\":\"https:\/\/xervigo.com\/wp-content\/uploads\/sites\/18\/2023\/06\/logo-vigo.jpg\",\"width\":128,\"height\":32,\"caption\":\"XER Vigo\"},\"image\":{\"@id\":\"https:\/\/xervigo.com\/#\/schema\/logo\/image\/\"}}]}<\/script>\n<!-- \/ Yoast SEO plugin. -->","yoast_head_json":{"title":"Pol\u00edtica de Privacidad - XER Vigo","robots":{"index":"index","follow":"follow","max-snippet":"max-snippet:-1","max-image-preview":"max-image-preview:large","max-video-preview":"max-video-preview:-1"},"canonical":"https:\/\/xervigo.com\/gl\/politica-de-privacidad\/","og_locale":"gl_ES","og_type":"article","og_title":"Pol\u00edtica de Privacidad - XER Vigo","og_description":"1. Responsable del tratamiento El responsable del tratamiento de los datos personales que nos proporcione es Dornier, S.A.&nbsp;(\u201cDornier\u201d) con CIF A58369497. Los datos de contacto del responsable son los siguientes: Direcci\u00f3n postal: C\/ Avenida del General Per\u00f3n n\u00ba36, 1\u00aa Planta, 28020. Tel\u00e9fono: 91 54 68 900 El Grupo Empark, del que forma parte Dornier, ha [&hellip;]","og_url":"https:\/\/xervigo.com\/gl\/politica-de-privacidad\/","og_site_name":"XER Vigo","twitter_card":"summary_large_image","twitter_misc":{"Est. reading time":"7 minutes"},"schema":{"@context":"https:\/\/schema.org","@graph":[{"@type":"WebPage","@id":"https:\/\/xervigo.com\/gl\/politica-de-privacidad\/","url":"https:\/\/xervigo.com\/gl\/politica-de-privacidad\/","name":"Pol\u00edtica de Privacidad - XER Vigo","isPartOf":{"@id":"https:\/\/xervigo.com\/#website"},"datePublished":"2023-06-21T11:24:39+00:00","dateModified":"2023-06-21T11:24:39+00:00","breadcrumb":{"@id":"https:\/\/xervigo.com\/gl\/politica-de-privacidad\/#breadcrumb"},"inLanguage":"gl-ES","potentialAction":[{"@type":"ReadAction","target":["https:\/\/xervigo.com\/gl\/politica-de-privacidad\/"]}]},{"@type":"BreadcrumbList","@id":"https:\/\/xervigo.com\/gl\/politica-de-privacidad\/#breadcrumb","itemListElement":[{"@type":"ListItem","position":1,"name":"Home","item":"https:\/\/xervigo.com\/gl\/"},{"@type":"ListItem","position":2,"name":"Pol\u00edtica de Privacidad"}]},{"@type":"WebSite","@id":"https:\/\/xervigo.com\/#website","url":"https:\/\/xervigo.com\/","name":"XER Vigo","description":"Just another ORA Sites site","publisher":{"@id":"https:\/\/xervigo.com\/#organization"},"potentialAction":[{"@type":"SearchAction","target":{"@type":"EntryPoint","urlTemplate":"https:\/\/xervigo.com\/?s={search_term_string}"},"query-input":"required name=search_term_string"}],"inLanguage":"gl-ES"},{"@type":"Organization","@id":"https:\/\/xervigo.com\/#organization","name":"XER Vigo","url":"https:\/\/xervigo.com\/","logo":{"@type":"ImageObject","inLanguage":"gl-ES","@id":"https:\/\/xervigo.com\/#\/schema\/logo\/image\/","url":"https:\/\/xervigo.com\/wp-content\/uploads\/sites\/18\/2023\/06\/logo-vigo.jpg","contentUrl":"https:\/\/xervigo.com\/wp-content\/uploads\/sites\/18\/2023\/06\/logo-vigo.jpg","width":128,"height":32,"caption":"XER Vigo"},"image":{"@id":"https:\/\/xervigo.com\/#\/schema\/logo\/image\/"}}]}},"meta_box":[],"_links":{"self":[{"href":"https:\/\/xervigo.com\/gl\/wp-json\/wp\/v2\/pages\/256"}],"collection":[{"href":"https:\/\/xervigo.com\/gl\/wp-json\/wp\/v2\/pages"}],"about":[{"href":"https:\/\/xervigo.com\/gl\/wp-json\/wp\/v2\/types\/page"}],"author":[{"embeddable":true,"href":"https:\/\/xervigo.com\/gl\/wp-json\/wp\/v2\/users\/1"}],"replies":[{"embeddable":true,"href":"https:\/\/xervigo.com\/gl\/wp-json\/wp\/v2\/comments?post=256"}],"version-history":[{"count":0,"href":"https:\/\/xervigo.com\/gl\/wp-json\/wp\/v2\/pages\/256\/revisions"}],"wp:attachment":[{"href":"https:\/\/xervigo.com\/gl\/wp-json\/wp\/v2\/media?parent=256"}],"curies":[{"name":"wp","href":"https:\/\/api.w.org\/{rel}","templated":true}]}}