{"id":257,"date":"2023-06-21T11:23:56","date_gmt":"2023-06-21T11:23:56","guid":{"rendered":"https:\/\/xervigo.com\/aviso-legal\/"},"modified":"2023-06-21T11:23:56","modified_gmt":"2023-06-21T11:23:56","slug":"aviso-legal","status":"publish","type":"page","link":"https:\/\/xervigo.com\/gl\/aviso-legal\/","title":{"rendered":"Aviso Legal"},"content":{"rendered":"\n<p><strong>DATOS DE IDENTIFICACI\u00d3N<\/strong><\/p>\n\n\n\n<p>Usted est\u00e1 visitando la p\u00e1gina Web <a href=\"file:\/\/vernon\/DPTO.%20MARKETING\/Dise%C3%B1o\/ORA\/Aviso%20Legal%20y%20Pol%C3%ADtica%20de%20privacidad%20Antigua\/www.valladolidora.com%20\">www.orazamora.com<\/a><a href=\"http:\/\/www.orazamora.com\"> <\/a>titularidad de Dornier, empresa del Grupo Empark que centraliza la actividad de estacionamientos regulados en superficie.<\/p>\n\n\n\n<p>En cumplimiento de lo establecido en la Ley 34\/2002 de 11 de Julio, de Servicios de la Sociedad de La Informaci\u00f3n y el Comercio Electr\u00f3nico (LSSICE), se informa de los siguientes aspectos legales:<\/p>\n\n\n\n<ul><li>Responsable de la web: <strong>DORNIER S. A.<\/strong><\/li><li>C.I.F. A5869497<\/li><li>Domicilio Social: Av. del General Per\u00f3n 36, 1\u00aa planta, 28020 Madrid<\/li><li>E-mail de Contacto: <a href=\"mailto:orazamora@dornier.es\">orazamora@dornier.es<\/a><\/li><li>Tel\u00e9fono: (34) 915468900<\/li><li>Datos Registrales: Inscrita en el Registro Mercantil de Madrid, Tomo 3.892, Secci\u00f3n 8\u00aa, Folio 53, Hoja n\u00famero M-65.265, Inscripci\u00f3n 3\u00aa<\/li><\/ul>\n\n\n\n<p><strong>CONDICIONES GENERALES DE USO DE LA P\u00c1GINA<\/strong><\/p>\n\n\n\n<p><strong>1.-Consideraciones Previas<\/strong><\/p>\n\n\n\n<p>Las presentes condiciones legales regulan el uso legal permitido de esta p\u00e1gina web, cuyo responsable legal es Dornier S. A. Estas condiciones generales regulan el acceso y utilizaci\u00f3n que el propietario de la web pone gratuitamente a disposici\u00f3n de los usuarios de Internet. El acceso a la misma implica su aceptaci\u00f3n sin reservas. La utilizaci\u00f3n del \u00e1rea de usuarios o la adquisici\u00f3n de productos o servicios se regir\u00e1n, adem\u00e1s, por las condiciones particulares previstas en cada caso, las cuales se entender\u00e1n aceptadas por el mero uso de tales servicios.<\/p>\n\n\n\n<p>A los efectos del cumplimiento de la Ley 34\/2002, de 11 de julio, de servicios de la sociedad de la informaci\u00f3n y de comercio electr\u00f3nico, en adelante LSSI, y el Reglamento (UE) 2016\/679 del Parlamento Europeo y del Consejo, de 27 de abril de 2016, relativo a la protecci\u00f3n de las personas f\u00edsicas en lo que respecta al tratamiento de datos personales y a la libre circulaci\u00f3n de estos datos y por el que se deroga la Directiva 95\/46\/CE (Reglamento general de protecci\u00f3n de datos), el propietario del dominio referenciado, le informa que la finalidad de la P\u00e1gina Web es publicitaria e informativa; asimismo, se ofrece la posibilidad de contactar o solicitar informaci\u00f3n m\u00e1s detallada de los servicios de la empresa.<\/p>\n\n\n\n<p><strong>2.-Propiedad Intelectual e Industrial<\/strong><\/p>\n\n\n\n<p>Los textos, im\u00e1genes, logos, signos distintivos, sonidos, animaciones, v\u00eddeos, c\u00f3digo fuente y resto de contenidos incluidos en este website son propiedad de Dornier S. A., o dispone en su caso, del derecho de uso de los mismos, y en tal sentido se erigen como obras protegidas por la legislaci\u00f3n de propiedad intelectual e industrial vigentes. Cualquier transmisi\u00f3n, distribuci\u00f3n, reproducci\u00f3n o almacenamiento, total o parcial, de los contenidos almacenados en esta web, queda expresamente prohibido salvo previo y expreso consentimiento del titular. No obstante, los usuarios podr\u00e1n llevar a cabo la reproducci\u00f3n o almacenamiento de los contenidos del website para su exclusivo uso personal, quedando expresa y terminantemente prohibida la reproducci\u00f3n de elementos o contenidos de este website, realizados con \u00e1nimo de lucro o fines comerciales.<\/p>\n\n\n\n<p><strong>3.- Condiciones de Acceso<\/strong><\/p>\n\n\n\n<p>Dornier S. A., se reserva la facultad de efectuar, en cualquier momento y sin necesidad de previo aviso, modificaciones y actualizaciones de la informaci\u00f3n contenida en la Web, de la configuraci\u00f3n y presentaci\u00f3n de \u00e9sta, de las condiciones de acceso, condiciones de contrataci\u00f3n. etc. La empresa responsable de la web no garantiza la inexistencia de interrupciones o errores en el acceso a la p\u00e1gina o a su contenido, ni que \u00e9sta se encuentre actualizada o libre de virus ni de cualquier otro elemento en la que puedan producir alteraciones en su sistema inform\u00e1tico. Dornier S. A. declina cualquier responsabilidad contractual o extracontractual con la persona o empresa que haga uso de ella y tuviera perjuicios de cualquier naturaleza ocasionados por virus inform\u00e1ticos o por elementos inform\u00e1ticos de cualquier \u00edndole. El titular de la web no responder\u00e1 de ninguna consecuencia, da\u00f1o o perjuicio que pudieran derivarse del uso sin consentimiento de la informaci\u00f3n contenida en la misma o de los derivados de los servicios y opiniones efectuados por terceros.<\/p>\n\n\n\n<p><strong>4.- Responsabilidad por Links<\/strong><\/p>\n\n\n\n<p>La empresa responsable de la p\u00e1gina web, declina cualquier responsabilidad por los servicios y\/o informaci\u00f3n que se preste en otras p\u00e1ginas enlazadas con esta Web. Dornier S. A. no controla ni ejerce ning\u00fan tipo de supervisi\u00f3n cuando incluye el link a las mismas, con la creencia de que estos contenidos acatan la legislaci\u00f3n aplicable. No obstante, la utilizaci\u00f3n de Links a otras p\u00e1ginas no supone en modo alguno responsabilizaci\u00f3n ni apropiaci\u00f3n del contenido de las mismas, sin que se pueda entender que se produce labor alguna de supervisi\u00f3n ni aprobaci\u00f3n de los cambios o informaciones que se realicen en ellas. Aconsejamos a los visitantes de las mismas actuar con prudencia y consultar las eventuales condiciones legales que se expongan en dichas webs. Dornier S. A. no responde ni se hace cargo de ning\u00fan tipo de responsabilidad por los da\u00f1os y perjuicios que puedan relacionarse con el funcionamiento, disponibilidad y continuidad de los sitios enlazados.<\/p>\n\n\n\n<p><strong>5.-Ley aplicable y jurisdicci\u00f3n<\/strong><\/p>\n\n\n\n<p>El presente Aviso Legal se regir\u00e1 por la legislaci\u00f3n espa\u00f1ola.<\/p>\n\n\n\n<p>Tanto los usuarios como Dornier S.A., est\u00e1n de acuerdo en que para cualquier discrepancia que pueda surgir en cuanto a la interpretaci\u00f3n, cumplimiento y\/o ejecuci\u00f3n de las presentes normas se someter\u00e1n expresamente a los Juzgados y Tribunales competentes de Madrid capital, con renuncia expresa a cualquier otro fuero que pudiera corresponderles.<\/p>\n","protected":false},"excerpt":{"rendered":"<p>DATOS DE IDENTIFICACI\u00d3N Usted est\u00e1 visitando la p\u00e1gina Web www.orazamora.com titularidad de Dornier, empresa del Grupo Empark que centraliza la actividad de estacionamientos regulados en superficie. En cumplimiento de lo establecido en la Ley 34\/2002 de 11 de Julio, de Servicios de la Sociedad de La Informaci\u00f3n y el Comercio Electr\u00f3nico (LSSICE), se informa de [&hellip;]<\/p>\n","protected":false},"author":1,"featured_media":0,"parent":0,"menu_order":0,"comment_status":"closed","ping_status":"closed","template":"template-privacy.php","meta":[],"yoast_head":"<!-- This site is optimized with the Yoast SEO plugin v20.12 - https:\/\/yoast.com\/wordpress\/plugins\/seo\/ -->\n<title>Aviso Legal - XER Vigo<\/title>\n<meta name=\"robots\" content=\"index, follow, max-snippet:-1, max-image-preview:large, max-video-preview:-1\" \/>\n<link rel=\"canonical\" href=\"https:\/\/xervigo.com\/gl\/aviso-legal\/\" \/>\n<meta property=\"og:locale\" content=\"gl_ES\" \/>\n<meta property=\"og:type\" content=\"article\" \/>\n<meta property=\"og:title\" content=\"Aviso Legal - XER Vigo\" \/>\n<meta property=\"og:description\" content=\"DATOS DE IDENTIFICACI\u00d3N Usted est\u00e1 visitando la p\u00e1gina Web www.orazamora.com titularidad de Dornier, empresa del Grupo Empark que centraliza la actividad de estacionamientos regulados en superficie. En cumplimiento de lo establecido en la Ley 34\/2002 de 11 de Julio, de Servicios de la Sociedad de La Informaci\u00f3n y el Comercio Electr\u00f3nico (LSSICE), se informa de [&hellip;]\" \/>\n<meta property=\"og:url\" content=\"https:\/\/xervigo.com\/gl\/aviso-legal\/\" \/>\n<meta property=\"og:site_name\" content=\"XER Vigo\" \/>\n<meta name=\"twitter:card\" content=\"summary_large_image\" \/>\n<meta name=\"twitter:label1\" content=\"Est. reading time\" \/>\n\t<meta name=\"twitter:data1\" content=\"5 minutes\" \/>\n<script type=\"application\/ld+json\" class=\"yoast-schema-graph\">{\"@context\":\"https:\/\/schema.org\",\"@graph\":[{\"@type\":\"WebPage\",\"@id\":\"https:\/\/xervigo.com\/gl\/aviso-legal\/\",\"url\":\"https:\/\/xervigo.com\/gl\/aviso-legal\/\",\"name\":\"Aviso Legal - XER Vigo\",\"isPartOf\":{\"@id\":\"https:\/\/xervigo.com\/#website\"},\"datePublished\":\"2023-06-21T11:23:56+00:00\",\"dateModified\":\"2023-06-21T11:23:56+00:00\",\"breadcrumb\":{\"@id\":\"https:\/\/xervigo.com\/gl\/aviso-legal\/#breadcrumb\"},\"inLanguage\":\"gl-ES\",\"potentialAction\":[{\"@type\":\"ReadAction\",\"target\":[\"https:\/\/xervigo.com\/gl\/aviso-legal\/\"]}]},{\"@type\":\"BreadcrumbList\",\"@id\":\"https:\/\/xervigo.com\/gl\/aviso-legal\/#breadcrumb\",\"itemListElement\":[{\"@type\":\"ListItem\",\"position\":1,\"name\":\"Home\",\"item\":\"https:\/\/xervigo.com\/gl\/\"},{\"@type\":\"ListItem\",\"position\":2,\"name\":\"Aviso Legal\"}]},{\"@type\":\"WebSite\",\"@id\":\"https:\/\/xervigo.com\/#website\",\"url\":\"https:\/\/xervigo.com\/\",\"name\":\"XER Vigo\",\"description\":\"Just another ORA Sites site\",\"publisher\":{\"@id\":\"https:\/\/xervigo.com\/#organization\"},\"potentialAction\":[{\"@type\":\"SearchAction\",\"target\":{\"@type\":\"EntryPoint\",\"urlTemplate\":\"https:\/\/xervigo.com\/?s={search_term_string}\"},\"query-input\":\"required name=search_term_string\"}],\"inLanguage\":\"gl-ES\"},{\"@type\":\"Organization\",\"@id\":\"https:\/\/xervigo.com\/#organization\",\"name\":\"XER Vigo\",\"url\":\"https:\/\/xervigo.com\/\",\"logo\":{\"@type\":\"ImageObject\",\"inLanguage\":\"gl-ES\",\"@id\":\"https:\/\/xervigo.com\/#\/schema\/logo\/image\/\",\"url\":\"https:\/\/xervigo.com\/wp-content\/uploads\/sites\/18\/2023\/06\/logo-vigo.jpg\",\"contentUrl\":\"https:\/\/xervigo.com\/wp-content\/uploads\/sites\/18\/2023\/06\/logo-vigo.jpg\",\"width\":128,\"height\":32,\"caption\":\"XER Vigo\"},\"image\":{\"@id\":\"https:\/\/xervigo.com\/#\/schema\/logo\/image\/\"}}]}<\/script>\n<!-- \/ Yoast SEO plugin. -->","yoast_head_json":{"title":"Aviso Legal - XER Vigo","robots":{"index":"index","follow":"follow","max-snippet":"max-snippet:-1","max-image-preview":"max-image-preview:large","max-video-preview":"max-video-preview:-1"},"canonical":"https:\/\/xervigo.com\/gl\/aviso-legal\/","og_locale":"gl_ES","og_type":"article","og_title":"Aviso Legal - XER Vigo","og_description":"DATOS DE IDENTIFICACI\u00d3N Usted est\u00e1 visitando la p\u00e1gina Web www.orazamora.com titularidad de Dornier, empresa del Grupo Empark que centraliza la actividad de estacionamientos regulados en superficie. En cumplimiento de lo establecido en la Ley 34\/2002 de 11 de Julio, de Servicios de la Sociedad de La Informaci\u00f3n y el Comercio Electr\u00f3nico (LSSICE), se informa de [&hellip;]","og_url":"https:\/\/xervigo.com\/gl\/aviso-legal\/","og_site_name":"XER Vigo","twitter_card":"summary_large_image","twitter_misc":{"Est. reading time":"5 minutes"},"schema":{"@context":"https:\/\/schema.org","@graph":[{"@type":"WebPage","@id":"https:\/\/xervigo.com\/gl\/aviso-legal\/","url":"https:\/\/xervigo.com\/gl\/aviso-legal\/","name":"Aviso Legal - XER Vigo","isPartOf":{"@id":"https:\/\/xervigo.com\/#website"},"datePublished":"2023-06-21T11:23:56+00:00","dateModified":"2023-06-21T11:23:56+00:00","breadcrumb":{"@id":"https:\/\/xervigo.com\/gl\/aviso-legal\/#breadcrumb"},"inLanguage":"gl-ES","potentialAction":[{"@type":"ReadAction","target":["https:\/\/xervigo.com\/gl\/aviso-legal\/"]}]},{"@type":"BreadcrumbList","@id":"https:\/\/xervigo.com\/gl\/aviso-legal\/#breadcrumb","itemListElement":[{"@type":"ListItem","position":1,"name":"Home","item":"https:\/\/xervigo.com\/gl\/"},{"@type":"ListItem","position":2,"name":"Aviso Legal"}]},{"@type":"WebSite","@id":"https:\/\/xervigo.com\/#website","url":"https:\/\/xervigo.com\/","name":"XER Vigo","description":"Just another ORA Sites site","publisher":{"@id":"https:\/\/xervigo.com\/#organization"},"potentialAction":[{"@type":"SearchAction","target":{"@type":"EntryPoint","urlTemplate":"https:\/\/xervigo.com\/?s={search_term_string}"},"query-input":"required name=search_term_string"}],"inLanguage":"gl-ES"},{"@type":"Organization","@id":"https:\/\/xervigo.com\/#organization","name":"XER Vigo","url":"https:\/\/xervigo.com\/","logo":{"@type":"ImageObject","inLanguage":"gl-ES","@id":"https:\/\/xervigo.com\/#\/schema\/logo\/image\/","url":"https:\/\/xervigo.com\/wp-content\/uploads\/sites\/18\/2023\/06\/logo-vigo.jpg","contentUrl":"https:\/\/xervigo.com\/wp-content\/uploads\/sites\/18\/2023\/06\/logo-vigo.jpg","width":128,"height":32,"caption":"XER Vigo"},"image":{"@id":"https:\/\/xervigo.com\/#\/schema\/logo\/image\/"}}]}},"meta_box":[],"_links":{"self":[{"href":"https:\/\/xervigo.com\/gl\/wp-json\/wp\/v2\/pages\/257"}],"collection":[{"href":"https:\/\/xervigo.com\/gl\/wp-json\/wp\/v2\/pages"}],"about":[{"href":"https:\/\/xervigo.com\/gl\/wp-json\/wp\/v2\/types\/page"}],"author":[{"embeddable":true,"href":"https:\/\/xervigo.com\/gl\/wp-json\/wp\/v2\/users\/1"}],"replies":[{"embeddable":true,"href":"https:\/\/xervigo.com\/gl\/wp-json\/wp\/v2\/comments?post=257"}],"version-history":[{"count":0,"href":"https:\/\/xervigo.com\/gl\/wp-json\/wp\/v2\/pages\/257\/revisions"}],"wp:attachment":[{"href":"https:\/\/xervigo.com\/gl\/wp-json\/wp\/v2\/media?parent=257"}],"curies":[{"name":"wp","href":"https:\/\/api.w.org\/{rel}","templated":true}]}}