{"id":260,"date":"2023-06-21T11:22:56","date_gmt":"2023-06-21T09:22:56","guid":{"rendered":"https:\/\/xervigo.com\/senalizacion\/"},"modified":"2024-01-18T15:28:46","modified_gmt":"2024-01-18T14:28:46","slug":"sinalizacion","status":"publish","type":"page","link":"https:\/\/xervigo.com\/gl\/sinalizacion\/","title":{"rendered":"Sinalizaci\u00f3n"},"content":{"rendered":"\n<section class=\"tpk-hero                 lower\"\n         style=\"\">\n                        <picture >\n\n                    <source srcset=\"https:\/\/xervigo.com\/wp-content\/uploads\/sites\/18\/2023\/06\/56e55cb27d5d5_55a8e0a750589_DSCN7646-480x300.jpg\" media=\"((min-width: 0rem) and (max-width: 30rem))\">\n                             <source srcset=\"https:\/\/xervigo.com\/wp-content\/uploads\/sites\/18\/2023\/06\/56e55cb27d5d5_55a8e0a750589_DSCN7646-1024x300.jpg\" media=\"(min-width: 30rem) and (max-width: 64rem)\" >\n                            <source srcset=\"https:\/\/xervigo.com\/wp-content\/uploads\/sites\/18\/2023\/06\/56e55cb27d5d5_55a8e0a750589_DSCN7646.jpg\" media=\"(min-width: 64rem)\" >\n        \n        \n                                                                                                        \n        <img src=\"https:\/\/xervigo.com\/wp-content\/uploads\/sites\/18\/2023\/06\/56e55cb27d5d5_55a8e0a750589_DSCN7646.jpg\" alt=\"\"  width=\"1140\" height=\"300\"  loading=\"eager\">\n    <\/picture>\n\n    \n        <div class=\"tpk-hero__content wrapper row\">\n                    <div class=\"col-xs-12 col-sm-12 pr-h pl-h\">\n                                <header class=\"tpk-head  wrapper\">\n    <p class=\"tpk-head__caption\">Funcionalidade<\/p>    <h1 class=\"tpk-head__title\">Sinalizaci\u00f3n<\/h1>    <\/header>\n            \n                    <\/div>\n    <\/div>\n    <\/section>\n<div class=\"tpk-spinner__wrapper\">\n    <div class=\"tpk-spinner\"><\/div>\n<\/div>\n\n<article class=\"tpk-page\">\n    <div class=\"row wrapper center-xs tpk-page__content\">\n        <div class=\"col-xs-12 col-sm-10 col-md-8 pt-4 pb-4\">\n            <h2>Identificaci\u00f3n<\/h2>\n<p><strong>A sinalizaci\u00f3n \u00e9 un dos elementos propios do Servizo de Regulaci\u00f3n e Ordenaci\u00f3n do Aparcamento: Sinalizaci\u00f3n vertical e sinalizaci\u00f3n horizontal (marcas viarias-pintura).<\/strong><\/p>\n<blockquote>\n<p><strong>Sinalizaci\u00f3n horizontal: <\/strong>Delimita as prazas de estacionamento regulado e identif\u00edcaa coa cor azul. En beneficio de todos, por favor, estacione dentro das li\u00f1as que delimitan as prazas.<\/p>\n<\/blockquote>\n<p><img loading=\"lazy\" class=\" wp-image-75 aligncenter\" src=\"http:\/\/xervigo.com\/wp-content\/uploads\/sites\/18\/2023\/06\/senal_horizontal.jpg\" alt=\"\" width=\"442\" height=\"504\" \/><\/p>\n<blockquote>\n<p><strong>Sinalizaci\u00f3n vertical: <\/strong>Sinais que informan do inicio e fin da zona de estacionamento regulado e do seu horario.\u00a0<\/p>\n<\/blockquote>\n<p><img loading=\"lazy\" class=\" wp-image-74 aligncenter\" src=\"http:\/\/xervigo.com\/wp-content\/uploads\/sites\/18\/2023\/06\/senal-entrada-XER-Vigo.jpg\" alt=\"\" width=\"277\" height=\"383\" \/> <img loading=\"lazy\" class=\"size-full wp-image-73 aligncenter\" src=\"http:\/\/xervigo.com\/wp-content\/uploads\/sites\/18\/2023\/06\/senal-salida-XER-3.jpg\" alt=\"\" width=\"280\" height=\"407\" \/><\/p>\n<blockquote>\n<p><strong>Sinal\u00a0vertical pago con moedas\u00a0<\/strong><\/p>\n<\/blockquote>\n<p><img loading=\"lazy\" class=\"size-full wp-image-72 aligncenter\" src=\"http:\/\/xervigo.com\/wp-content\/uploads\/sites\/18\/2023\/06\/senal_pago_Comillas.jpg\" alt=\"\" width=\"287\" height=\"241\" \/><\/p>\n<p><em><strong>Durante o horario de regulaci\u00f3n axentes de control de DORNIER S.A. permanecer\u00e1n na s\u00faa zona regulada, dir\u00edxase a eles se precisa algunha informaci\u00f3n.<\/strong><\/em><\/p>\n<p><em><strong>Estacionar f\u00f3ra das li\u00f1as que delimitan as prazas, \u00e9 incumprir coa ordenanza, e por iso motivo de sanci\u00f3n.<\/strong><\/em><\/p>\n\n        <\/div>\n    <\/div>\n<\/article>\n\n\n<section class=\"tpk-banner-cta tpk-banner-cta--half   \"\n         style=\"                 \">\n    <div class=\"tpk-banner-cta--half__picture\">\n                                    <picture >\n\n                    <source srcset=\"https:\/\/xervigo.com\/wp-content\/uploads\/sites\/18\/2023\/06\/56e55c9267572_55acd161c5c71_DSCF5467-460x300.jpg\" media=\"((min-width: 0rem) and (max-width: 30rem))\">\n                             <source srcset=\"https:\/\/xervigo.com\/wp-content\/uploads\/sites\/18\/2023\/06\/56e55c9267572_55acd161c5c71_DSCF5467-520x300.jpg\" media=\"(min-width: 30rem) and (max-width: 64rem)\" >\n                            <source srcset=\"https:\/\/xervigo.com\/wp-content\/uploads\/sites\/18\/2023\/06\/56e55c9267572_55acd161c5c71_DSCF5467-960x300.jpg\" media=\"(min-width: 64rem)\" >\n        \n        \n                                                                                                        \n        <img src=\"https:\/\/xervigo.com\/wp-content\/uploads\/sites\/18\/2023\/06\/56e55c9267572_55acd161c5c71_DSCF5467-960x300.jpg\" alt=\"\"  width=\"960\" height=\"300\"  loading=\"lazy\" >\n    <\/picture>\n\n            <\/div>\n\n    <div class=\"tpk-banner-cta__content row wrapper middle-xs\">\n        <div class=\"col-xs-12 col-md-6 tpk-banner-cta__content__text\">\n                        <header class=\"tpk-head  wrapper\">\n    <p class=\"tpk-head__caption\">Informaci\u00f3n<\/p>    <h2 class=\"tpk-head__title\">Zona azul<\/h2>    <p><strong>Horario<\/strong><\/p>\n<ul>\n<li>De <strong>luns a venres<\/strong> de 9:00 a 14:00 e de 16:00 a 20:00 horas.<\/li>\n<li><strong>S\u00e1bados, domingos e festivos<\/strong> sen servizo<\/li>\n<\/ul>\n<p><strong>Tarifas<\/strong><\/p>\n<ul>\n<li>33 minutos (m\u00ednimo): <strong>0,30 \u20ac<\/strong><\/li>\n<li>De 33 min a 62 min: <strong>0,60 \u20ac<\/strong><\/li>\n<li>De 62 min a 90 min: <strong>1,00 \u20ac<\/strong><\/li>\n<li>De 90 min a 120 min (m\u00e1ximo): <strong>1,45 \u20ac<\/strong><\/li>\n<\/ul>\n<\/header>            <div class=\"tpk-banner-cta__buttons\">\n                                                        <a  class=\"tpk-button tpk-button--primary tpk-button--lg \" href=\"https:\/\/xervigo.com\/gl\/horarios-y-tarifas\/\"    >\n    <span>Consultar<\/span>\n    <\/a>                            <\/div>\n        <\/div>\n    <\/div>\n<\/section>\n\n<article class=\"tpk-page\">\n    <div class=\"row wrapper center-xs tpk-page__content\">\n        <div class=\"col-xs-12 col-sm-10 col-md-8 pt-4 pb-4\">\n            <h3>Preguntas frecuentes<\/h3>\n<blockquote>\n<p>Se tes algunha d\u00fabida, non dubides en consultar a nosa F.A.Q. (Preguntas m\u00e1is frecuentes) onde atopar\u00e1s as preguntas feitas pola maior\u00eda dos usuarios.<\/p>\n<p><a href=\"https:\/\/xervigo.com\/gl\/faqs\/\">VER PREGUNTAS FRECUENTES<\/a><\/p>\n<\/blockquote>\n\n        <\/div>\n    <\/div>\n<\/article>\n\n\n<section class=\"tpk-banner-app \">\n    <div class=\"row wrapper middle-xs\">\n        <div class=\"col-xs-12 col-sm-6 col-no-gutter tpk-banner-app__picture\">\n                                                <picture class=\"hide-xs show-sm\">\n\n                             <source srcset=\"https:\/\/xervigo.com\/wp-content\/uploads\/sites\/18\/2023\/06\/banner_app_qr-488x398.png\" media=\"(min-width: 30rem) and (max-width: 64rem)\" >\n                            <source srcset=\"https:\/\/xervigo.com\/wp-content\/uploads\/sites\/18\/2023\/06\/banner_app_qr.png\" media=\"(min-width: 64rem)\" >\n        \n        \n                                                                                                        \n        <img src=\"https:\/\/xervigo.com\/wp-content\/uploads\/sites\/18\/2023\/06\/banner_app_qr.png\" alt=\"\"  width=\"518\" height=\"398\"  loading=\"lazy\" >\n    <\/picture>\n\n                                <\/div>\n        <div class=\"col-xs-12 col-sm-6 tpk-banner-app__content\">\n                        <header class=\"tpk-head  wrapper\">\n    <p class=\"tpk-head__caption\">Aparca e vai<\/p>    <h2 class=\"tpk-head__title\">Escanea o c\u00f3digo co teu m\u00f3bil para descargar a aplicaci\u00f3n<\/h2>    <\/header>\n                        <div class=\"tpk-banner-app__buttons\">\n                                                                                                                    \n    <a href=\"https:\/\/play.google.com\/store\/apps\/details?id=com.delaware.empark\" class=\"tpk-button tpk-button--app dark\" target=\"_blank\">\n        <svg width=\"23\" height=\"26\" viewBox=\"0 0 23 26\" fill=\"none\" xmlns=\"http:\/\/www.w3.org\/2000\/svg\">\n            <path fill-rule=\"evenodd\" clip-rule=\"evenodd\" d=\"M0.862422 0.87988C0.581172 1.18175 0.419922 1.64675 0.419922 2.25113V23.7411C0.419922 24.3455 0.581172 24.8105 0.873047 25.1018L0.949297 25.1661L12.9905 13.1249V12.8543L0.938672 0.815505L0.862422 0.87988Z\" fill=\"url(#paint0_linear_9_9)\"\/>\n            <path fill-rule=\"evenodd\" clip-rule=\"evenodd\" d=\"M16.9962 17.1543L12.98 13.1368V12.8556L16.9975 8.83807L17.0843 8.89182L21.8362 11.5924C23.1968 12.3593 23.1968 13.6231 21.8362 14.4006L17.0843 17.1012L16.9962 17.1543Z\" fill=\"url(#paint1_linear_9_9)\"\/>\n            <path fill-rule=\"evenodd\" clip-rule=\"evenodd\" d=\"M17.083 17.1005L12.9799 12.9961L0.862371 25.1136C1.30487 25.5892 2.04987 25.643 2.88237 25.178L17.083 17.1005Z\" fill=\"url(#paint2_linear_9_9)\"\/>\n            <path fill-rule=\"evenodd\" clip-rule=\"evenodd\" d=\"M17.083 8.89304L2.88237 0.82616C2.05112 0.350535 1.30487 0.41491 0.862371 0.890535L12.9786 12.9962L17.083 8.89304Z\" fill=\"url(#paint3_linear_9_9)\"\/>\n            <defs>\n            <linearGradient id=\"paint0_linear_9_9\" x1=\"35.6607\" y1=\"-6.74995\" x2=\"-5.23028\" y2=\"12.2052\" gradientUnits=\"userSpaceOnUse\">\n            <stop stop-color=\"#047ED6\"\/>\n            <stop offset=\"1\" stop-color=\"#50E6FF\"\/>\n            <\/linearGradient>\n            <linearGradient id=\"paint1_linear_9_9\" x1=\"24.5643\" y1=\"12.9971\" x2=\"-6.03917\" y2=\"12.9971\" gradientUnits=\"userSpaceOnUse\">\n            <stop stop-color=\"#FFDA1C\"\/>\n            <stop offset=\"1\" stop-color=\"#FEB705\"\/>\n            <\/linearGradient>\n            <linearGradient id=\"paint2_linear_9_9\" x1=\"19.7657\" y1=\"4.95934\" x2=\"-15.0772\" y2=\"45.5368\" gradientUnits=\"userSpaceOnUse\">\n            <stop stop-color=\"#D9414F\"\/>\n            <stop offset=\"1\" stop-color=\"#8C193F\"\/>\n            <\/linearGradient>\n            <linearGradient id=\"paint3_linear_9_9\" x1=\"-2.18997\" y1=\"-6.27096\" x2=\"4.71665\" y2=\"5.36978\" gradientUnits=\"userSpaceOnUse\">\n            <stop stop-color=\"#33C481\"\/>\n            <stop offset=\"1\" stop-color=\"#61E3A7\"\/>\n            <\/linearGradient>\n            <\/defs>\n            <\/svg>\n        <div>\n            <span>Disponible en<\/span>\n            Google Play\n        <\/div>\n    <\/a>\n                                                                                                                                                                                <a href=\"https:\/\/apps.apple.com\/es\/app\/telpark\/id658204860\" class=\"tpk-button tpk-button--app dark\" target=\"_blank\">\n        <svg width=\"25\" height=\"30\" viewBox=\"0 0 25 30\" fill=\"none\" xmlns=\"http:\/\/www.w3.org\/2000\/svg\">\n            <path d=\"M23.643 10.227C23.469 10.362 20.397 12.093 20.397 15.942C20.397 20.394 24.306 21.969 24.423 22.008C24.405 22.104 23.802 24.165 22.362 26.265C21.078 28.113 19.737 29.958 17.697 29.958C15.657 29.958 15.132 28.773 12.777 28.773C10.482 28.773 9.666 29.997 7.8 29.997C5.934 29.997 4.632 28.287 3.135 26.187C1.401 23.721 0 19.89 0 16.254C0 10.422 3.792 7.329 7.524 7.329C9.507 7.329 11.16 8.631 12.405 8.631C13.59 8.631 15.438 7.251 17.694 7.251C18.549 7.251 21.621 7.329 23.643 10.227V10.227ZM16.623 4.782C17.556 3.675 18.216 2.139 18.216 0.603C18.216 0.39 18.198 0.174 18.159 0C16.641 0.057 14.835 1.011 13.746 2.274C12.891 3.246 12.093 4.782 12.093 6.339C12.093 6.573 12.132 6.807 12.15 6.882C12.246 6.9 12.402 6.921 12.558 6.921C13.92 6.921 15.633 6.009 16.623 4.782Z\" fill=\"white\"\/>\n        <\/svg>\n        <div>\n            <span>Disponible en<\/span>\n            Apple Store\n        <\/div>\n    <\/a>\n\n                                                                        <\/div>\n        <\/div>\n    <\/div>\n<\/section>\n","protected":false},"excerpt":{"rendered":"","protected":false},"author":1,"featured_media":0,"parent":0,"menu_order":0,"comment_status":"closed","ping_status":"closed","template":"","meta":[],"yoast_head":"<!-- This site is optimized with the Yoast SEO plugin v20.12 - https:\/\/yoast.com\/wordpress\/plugins\/seo\/ -->\n<title>Sinalizaci\u00f3n - XER Vigo<\/title>\n<meta name=\"robots\" content=\"index, follow, max-snippet:-1, max-image-preview:large, max-video-preview:-1\" \/>\n<link rel=\"canonical\" href=\"https:\/\/xervigo.com\/gl\/sinalizacion\/\" \/>\n<meta property=\"og:locale\" content=\"gl_ES\" \/>\n<meta property=\"og:type\" content=\"article\" \/>\n<meta property=\"og:title\" content=\"Sinalizaci\u00f3n - XER Vigo\" \/>\n<meta property=\"og:url\" content=\"https:\/\/xervigo.com\/gl\/sinalizacion\/\" \/>\n<meta property=\"og:site_name\" content=\"XER Vigo\" \/>\n<meta property=\"article:modified_time\" content=\"2024-01-18T14:28:46+00:00\" \/>\n<meta name=\"twitter:card\" content=\"summary_large_image\" \/>\n<script type=\"application\/ld+json\" class=\"yoast-schema-graph\">{\"@context\":\"https:\/\/schema.org\",\"@graph\":[{\"@type\":\"WebPage\",\"@id\":\"https:\/\/xervigo.com\/gl\/sinalizacion\/\",\"url\":\"https:\/\/xervigo.com\/gl\/sinalizacion\/\",\"name\":\"Sinalizaci\u00f3n - XER Vigo\",\"isPartOf\":{\"@id\":\"https:\/\/xervigo.com\/#website\"},\"datePublished\":\"2023-06-21T09:22:56+00:00\",\"dateModified\":\"2024-01-18T14:28:46+00:00\",\"breadcrumb\":{\"@id\":\"https:\/\/xervigo.com\/gl\/sinalizacion\/#breadcrumb\"},\"inLanguage\":\"gl-ES\",\"potentialAction\":[{\"@type\":\"ReadAction\",\"target\":[\"https:\/\/xervigo.com\/gl\/sinalizacion\/\"]}]},{\"@type\":\"BreadcrumbList\",\"@id\":\"https:\/\/xervigo.com\/gl\/sinalizacion\/#breadcrumb\",\"itemListElement\":[{\"@type\":\"ListItem\",\"position\":1,\"name\":\"Home\",\"item\":\"https:\/\/xervigo.com\/gl\/\"},{\"@type\":\"ListItem\",\"position\":2,\"name\":\"Sinalizaci\u00f3n\"}]},{\"@type\":\"WebSite\",\"@id\":\"https:\/\/xervigo.com\/#website\",\"url\":\"https:\/\/xervigo.com\/\",\"name\":\"XER Vigo\",\"description\":\"Just another ORA Sites site\",\"publisher\":{\"@id\":\"https:\/\/xervigo.com\/#organization\"},\"potentialAction\":[{\"@type\":\"SearchAction\",\"target\":{\"@type\":\"EntryPoint\",\"urlTemplate\":\"https:\/\/xervigo.com\/?s={search_term_string}\"},\"query-input\":\"required name=search_term_string\"}],\"inLanguage\":\"gl-ES\"},{\"@type\":\"Organization\",\"@id\":\"https:\/\/xervigo.com\/#organization\",\"name\":\"XER Vigo\",\"url\":\"https:\/\/xervigo.com\/\",\"logo\":{\"@type\":\"ImageObject\",\"inLanguage\":\"gl-ES\",\"@id\":\"https:\/\/xervigo.com\/#\/schema\/logo\/image\/\",\"url\":\"https:\/\/xervigo.com\/wp-content\/uploads\/sites\/18\/2023\/06\/logo-vigo.jpg\",\"contentUrl\":\"https:\/\/xervigo.com\/wp-content\/uploads\/sites\/18\/2023\/06\/logo-vigo.jpg\",\"width\":128,\"height\":32,\"caption\":\"XER Vigo\"},\"image\":{\"@id\":\"https:\/\/xervigo.com\/#\/schema\/logo\/image\/\"}}]}<\/script>\n<!-- \/ Yoast SEO plugin. -->","yoast_head_json":{"title":"Sinalizaci\u00f3n - XER Vigo","robots":{"index":"index","follow":"follow","max-snippet":"max-snippet:-1","max-image-preview":"max-image-preview:large","max-video-preview":"max-video-preview:-1"},"canonical":"https:\/\/xervigo.com\/gl\/sinalizacion\/","og_locale":"gl_ES","og_type":"article","og_title":"Sinalizaci\u00f3n - XER Vigo","og_url":"https:\/\/xervigo.com\/gl\/sinalizacion\/","og_site_name":"XER Vigo","article_modified_time":"2024-01-18T14:28:46+00:00","twitter_card":"summary_large_image","schema":{"@context":"https:\/\/schema.org","@graph":[{"@type":"WebPage","@id":"https:\/\/xervigo.com\/gl\/sinalizacion\/","url":"https:\/\/xervigo.com\/gl\/sinalizacion\/","name":"Sinalizaci\u00f3n - XER Vigo","isPartOf":{"@id":"https:\/\/xervigo.com\/#website"},"datePublished":"2023-06-21T09:22:56+00:00","dateModified":"2024-01-18T14:28:46+00:00","breadcrumb":{"@id":"https:\/\/xervigo.com\/gl\/sinalizacion\/#breadcrumb"},"inLanguage":"gl-ES","potentialAction":[{"@type":"ReadAction","target":["https:\/\/xervigo.com\/gl\/sinalizacion\/"]}]},{"@type":"BreadcrumbList","@id":"https:\/\/xervigo.com\/gl\/sinalizacion\/#breadcrumb","itemListElement":[{"@type":"ListItem","position":1,"name":"Home","item":"https:\/\/xervigo.com\/gl\/"},{"@type":"ListItem","position":2,"name":"Sinalizaci\u00f3n"}]},{"@type":"WebSite","@id":"https:\/\/xervigo.com\/#website","url":"https:\/\/xervigo.com\/","name":"XER Vigo","description":"Just another ORA Sites site","publisher":{"@id":"https:\/\/xervigo.com\/#organization"},"potentialAction":[{"@type":"SearchAction","target":{"@type":"EntryPoint","urlTemplate":"https:\/\/xervigo.com\/?s={search_term_string}"},"query-input":"required name=search_term_string"}],"inLanguage":"gl-ES"},{"@type":"Organization","@id":"https:\/\/xervigo.com\/#organization","name":"XER Vigo","url":"https:\/\/xervigo.com\/","logo":{"@type":"ImageObject","inLanguage":"gl-ES","@id":"https:\/\/xervigo.com\/#\/schema\/logo\/image\/","url":"https:\/\/xervigo.com\/wp-content\/uploads\/sites\/18\/2023\/06\/logo-vigo.jpg","contentUrl":"https:\/\/xervigo.com\/wp-content\/uploads\/sites\/18\/2023\/06\/logo-vigo.jpg","width":128,"height":32,"caption":"XER Vigo"},"image":{"@id":"https:\/\/xervigo.com\/#\/schema\/logo\/image\/"}}]}},"meta_box":[],"_links":{"self":[{"href":"https:\/\/xervigo.com\/gl\/wp-json\/wp\/v2\/pages\/260"}],"collection":[{"href":"https:\/\/xervigo.com\/gl\/wp-json\/wp\/v2\/pages"}],"about":[{"href":"https:\/\/xervigo.com\/gl\/wp-json\/wp\/v2\/types\/page"}],"author":[{"embeddable":true,"href":"https:\/\/xervigo.com\/gl\/wp-json\/wp\/v2\/users\/1"}],"replies":[{"embeddable":true,"href":"https:\/\/xervigo.com\/gl\/wp-json\/wp\/v2\/comments?post=260"}],"version-history":[{"count":3,"href":"https:\/\/xervigo.com\/gl\/wp-json\/wp\/v2\/pages\/260\/revisions"}],"predecessor-version":[{"id":3941,"href":"https:\/\/xervigo.com\/gl\/wp-json\/wp\/v2\/pages\/260\/revisions\/3941"}],"wp:attachment":[{"href":"https:\/\/xervigo.com\/gl\/wp-json\/wp\/v2\/media?parent=260"}],"curies":[{"name":"wp","href":"https:\/\/api.w.org\/{rel}","templated":true}]}}