{"id":262,"date":"2023-06-21T11:21:41","date_gmt":"2023-06-21T09:21:41","guid":{"rendered":"https:\/\/xervigo.com\/residentes\/"},"modified":"2024-01-18T14:43:59","modified_gmt":"2024-01-18T13:43:59","slug":"residentes","status":"publish","type":"page","link":"https:\/\/xervigo.com\/gl\/residentes\/","title":{"rendered":"Residentes"},"content":{"rendered":"\n<section class=\"tpk-hero                 lower\"\n         style=\"\">\n                        <picture >\n\n                    <source srcset=\"https:\/\/xervigo.com\/wp-content\/uploads\/sites\/18\/2023\/06\/576131239f407_55a8fd506ab6c_residentes-480x300.jpg\" media=\"((min-width: 0rem) and (max-width: 30rem))\">\n                             <source srcset=\"https:\/\/xervigo.com\/wp-content\/uploads\/sites\/18\/2023\/06\/576131239f407_55a8fd506ab6c_residentes-1024x300.jpg\" media=\"(min-width: 30rem) and (max-width: 64rem)\" >\n                            <source srcset=\"https:\/\/xervigo.com\/wp-content\/uploads\/sites\/18\/2023\/06\/576131239f407_55a8fd506ab6c_residentes.jpg\" media=\"(min-width: 64rem)\" >\n        \n        \n                                                                                                        \n        <img src=\"https:\/\/xervigo.com\/wp-content\/uploads\/sites\/18\/2023\/06\/576131239f407_55a8fd506ab6c_residentes.jpg\" alt=\"\"  width=\"1140\" height=\"300\"  loading=\"eager\">\n    <\/picture>\n\n    \n        <div class=\"tpk-hero__content wrapper row\">\n                    <div class=\"col-xs-12 col-sm-12 pr-h pl-h\">\n                                <header class=\"tpk-head  wrapper\">\n    <p class=\"tpk-head__caption\">Funcionalidade<\/p>    <h1 class=\"tpk-head__title\">Residentes<\/h1>    <\/header>\n            \n                    <\/div>\n    <\/div>\n    <\/section>\n<div class=\"tpk-spinner__wrapper\">\n    <div class=\"tpk-spinner\"><\/div>\n<\/div>\n\n<article class=\"tpk-page\">\n    <div class=\"row wrapper center-xs tpk-page__content\">\n        <div class=\"col-xs-12 col-sm-10 col-md-8 pt-4 pb-4\">\n            <blockquote>\n<h2>Solicitude de Distintivo de Residente en Zona XER para Veh\u00edculo en Propiedade<\/h2>\n<\/blockquote>\n<p>O estacionamento de veh\u00edculos de tracci\u00f3n mec\u00e1nica, en horario de 9 a 14 horas, e de 16 a 20 horas, de luns a venres ag\u00e1s festivos, nas v\u00edas do municipio inclu\u00eddas no \u00e1mbito de aplicaci\u00f3n da \"Ordenanza Reguladora do Servizo de Aparcamento de Veh\u00edculos na V\u00eda P\u00fablica\", supor\u00e1 o pago dunha taxa mediante m\u00e1quinas expedidoras de tikets na Cidade de Vigo.<\/p>\n<p><strong>Mediante esta tarxeta os usuarios residentes neste tipo de v\u00edas beneficiaranse de prezos reducidos establecidos na correspondente normativa fiscal en vigor.<\/strong><\/p>\n<blockquote>\n<h3>Para obter o distintivo de residente en zona XER debe cumprir estes requisitos<\/h3>\n<\/blockquote>\n<ol>\n<li><strong>Ser persoa f\u00edsica<\/strong><\/li>\n<li>Estar <strong>empadroado<\/strong> dentro da zona X.E.R.<\/li>\n<li>Estar ao <strong>corrente de pago do imposto de veh\u00edculos de tracci\u00f3n<\/strong> mec\u00e1nica no Concello ou disfrutar de exenci\u00f3n.<\/li>\n<\/ol>\n<p><strong><em>A obtenci\u00f3n de autorizaci\u00f3n de distintivo de residentes solic\u00edtase no rexistro do Concello ou a trav\u00e9s da p\u00e1xina web <a href=\"https:\/\/hoxe.vigo.org\/\">www.vigo.org. <\/a><\/em><\/strong><\/p>\n<blockquote>\n<h3><em>Os requisitos para solicitalo son<\/em><\/h3>\n<\/blockquote>\n<h4><u><strong>VEHICULO EN PROPIEDADE<\/strong><\/u><\/h4>\n<ul>\n<li>DNI, tarxeta de residencia ou pasaporte do titular do veh\u00edculo.<\/li>\n<li>Carnet de conducir do titular do veh\u00edculo.<\/li>\n<li>Permiso de circulaci\u00f3n e da tarxeta de inspecci\u00f3n t\u00e9cnica do veh\u00edculo (o enderezo debe de coincidir co enderezo de empadroamento, que \u00e1 s\u00faa vez ten que estar inclu\u00eddo dentro das r\u00faas afectadas pola ordenanza municipal que regula o servizo).<\/li>\n<li>Recibo do seguro do veh\u00edculo (en vigor).<\/li>\n<\/ul>\n<h4><u><strong>VEHICULO ALUGADO (LEASING OU RENTING)<\/strong><\/u><\/h4>\n<ul>\n<li>DNI, tarxeta de\u00a0 residencia\u00a0 ou pasaporte do interesado.<\/li>\n<li>Carnet de conducir do interesado.<\/li>\n<li>Contrato de leasing ou renting.<\/li>\n<li>P\u00f3liza do seguro do veh\u00edculo na que debe figurar o interesado como condutor habitual e o derradeiro recibo en vigor.<\/li>\n<\/ul>\n<h4><u><strong>VEHICULO DE EMPRESA<\/strong><\/u><\/h4>\n<ul>\n<li>DNI, tarxeta de residencia\u00a0 ou pasaporte do interesado.<\/li>\n<li>Carnet de conducir do interesado.<\/li>\n<li>Documento extendido pola empresa no que acredite que o solicitante \u00e9 o \u00fanico usuario do veh\u00edculo, que est\u00e1 autorizado \u00e1 s\u00faa utilizaci\u00f3n f\u00f3ra da xornada laboral, e que dito veh\u00edculo tributa como retribuci\u00f3n en especie a efectos do IRPF do solicitante.<\/li>\n<li>P\u00f3liza do seguro do veh\u00edculo na que debe figurar o interesado como condutor habitual e o derradeiro recibo en vigor.<\/li>\n<\/ul>\n\n        <\/div>\n    <\/div>\n<\/article>\n\n\n<section class=\"tpk-banner-cta tpk-banner-cta--half   \"\n         style=\"                 \">\n    <div class=\"tpk-banner-cta--half__picture\">\n                                    <picture >\n\n                    <source srcset=\"https:\/\/xervigo.com\/wp-content\/uploads\/sites\/18\/2023\/06\/56e55c9267572_55acd161c5c71_DSCF5467-460x300.jpg\" media=\"((min-width: 0rem) and (max-width: 30rem))\">\n                             <source srcset=\"https:\/\/xervigo.com\/wp-content\/uploads\/sites\/18\/2023\/06\/56e55c9267572_55acd161c5c71_DSCF5467-520x300.jpg\" media=\"(min-width: 30rem) and (max-width: 64rem)\" >\n                            <source srcset=\"https:\/\/xervigo.com\/wp-content\/uploads\/sites\/18\/2023\/06\/56e55c9267572_55acd161c5c71_DSCF5467-960x300.jpg\" media=\"(min-width: 64rem)\" >\n        \n        \n                                                                                                        \n        <img src=\"https:\/\/xervigo.com\/wp-content\/uploads\/sites\/18\/2023\/06\/56e55c9267572_55acd161c5c71_DSCF5467-960x300.jpg\" alt=\"\"  width=\"960\" height=\"300\"  loading=\"lazy\" >\n    <\/picture>\n\n            <\/div>\n\n    <div class=\"tpk-banner-cta__content row wrapper middle-xs\">\n        <div class=\"col-xs-12 col-md-6 tpk-banner-cta__content__text\">\n                        <header class=\"tpk-head  wrapper\">\n    <p class=\"tpk-head__caption\">Informaci\u00f3n<\/p>    <h2 class=\"tpk-head__title\">Zona azul<\/h2>    <p><strong>Horario<\/strong><\/p>\n<ul>\n<li>De <strong>luns a venres<\/strong> de 9:00 a 14:00 e de 16:00 a 20:00 horas.<\/li>\n<li><strong>S\u00e1bados, domingos e festivos<\/strong> sen servizo<\/li>\n<\/ul>\n<p><strong>Tarifas<\/strong><\/p>\n<ul>\n<li>33 minutos (m\u00ednimo): <strong>0,30 \u20ac<\/strong><\/li>\n<li>De 33 min a 62 min: <strong>0,60 \u20ac<\/strong><\/li>\n<li>De 62 min a 90 min: <strong>1,00 \u20ac<\/strong><\/li>\n<li>De 90 min a 120 min (m\u00e1ximo): <strong>1,45 \u20ac<\/strong><\/li>\n<\/ul>\n<\/header>            <div class=\"tpk-banner-cta__buttons\">\n                                                        <a  class=\"tpk-button tpk-button--primary tpk-button--lg \" href=\"https:\/\/xervigo.com\/gl\/horarios-y-tarifas\/\"    >\n    <span>Consultar<\/span>\n    <\/a>                            <\/div>\n        <\/div>\n    <\/div>\n<\/section>\n\n\n<section\n        class=\"tpk-banner-cta tpk-banner-cta--background   \"\n        style=\" --bg-picture: url('https:\/\/xervigo.com\/wp-content\/uploads\/sites\/18\/2023\/06\/banner.jpg'); \">\n    <div class=\"tpk-banner-cta__content row wrapper middle-xs \">\n                                <div class=\"col-xs-12 col-md-6 tpk-banner-cta__content__text  \">\n                                                <header class=\"tpk-head  wrapper\">\n    <p class=\"tpk-head__caption\">Consulta as zonas de estacionamento reguladas<\/p>    <h2 class=\"tpk-head__title\">Plano Xeral de Vigo<\/h2>    <\/header>                                    <div class=\"tpk-banner-cta__buttons\">\n                                                                                <a  class=\"tpk-button tpk-button--primary tpk-button--lg \" href=\"https:\/\/xervigo.com\/planos\/gl\/\"    >\n    <span>Ver <\/span>\n    <\/a>                                            <\/div>\n                            <\/div>\n        <\/div>\n<\/section>\n\n\n<section class=\"tpk-banner-app \">\n    <div class=\"row wrapper middle-xs\">\n        <div class=\"col-xs-12 col-sm-6 col-no-gutter tpk-banner-app__picture\">\n                                                <picture class=\"hide-xs show-sm\">\n\n                             <source srcset=\"https:\/\/xervigo.com\/wp-content\/uploads\/sites\/18\/2023\/06\/banner_app_qr-488x398.png\" media=\"(min-width: 30rem) and (max-width: 64rem)\" >\n                            <source srcset=\"https:\/\/xervigo.com\/wp-content\/uploads\/sites\/18\/2023\/06\/banner_app_qr.png\" media=\"(min-width: 64rem)\" >\n        \n        \n                                                                                                        \n        <img src=\"https:\/\/xervigo.com\/wp-content\/uploads\/sites\/18\/2023\/06\/banner_app_qr.png\" alt=\"\"  width=\"518\" height=\"398\"  loading=\"lazy\" >\n    <\/picture>\n\n                                <\/div>\n        <div class=\"col-xs-12 col-sm-6 tpk-banner-app__content\">\n                        <header class=\"tpk-head  wrapper\">\n    <p class=\"tpk-head__caption\">Aparca e vai<\/p>    <h2 class=\"tpk-head__title\">Escanea o c\u00f3digo co teu m\u00f3bil para descargar a aplicaci\u00f3n<\/h2>    <\/header>\n                        <div class=\"tpk-banner-app__buttons\">\n                                                                                                                    \n    <a href=\"https:\/\/play.google.com\/store\/apps\/details?id=com.delaware.empark\" class=\"tpk-button tpk-button--app dark\" target=\"_blank\">\n        <svg width=\"23\" height=\"26\" viewBox=\"0 0 23 26\" fill=\"none\" xmlns=\"http:\/\/www.w3.org\/2000\/svg\">\n            <path fill-rule=\"evenodd\" clip-rule=\"evenodd\" d=\"M0.862422 0.87988C0.581172 1.18175 0.419922 1.64675 0.419922 2.25113V23.7411C0.419922 24.3455 0.581172 24.8105 0.873047 25.1018L0.949297 25.1661L12.9905 13.1249V12.8543L0.938672 0.815505L0.862422 0.87988Z\" fill=\"url(#paint0_linear_9_9)\"\/>\n            <path fill-rule=\"evenodd\" clip-rule=\"evenodd\" d=\"M16.9962 17.1543L12.98 13.1368V12.8556L16.9975 8.83807L17.0843 8.89182L21.8362 11.5924C23.1968 12.3593 23.1968 13.6231 21.8362 14.4006L17.0843 17.1012L16.9962 17.1543Z\" fill=\"url(#paint1_linear_9_9)\"\/>\n            <path fill-rule=\"evenodd\" clip-rule=\"evenodd\" d=\"M17.083 17.1005L12.9799 12.9961L0.862371 25.1136C1.30487 25.5892 2.04987 25.643 2.88237 25.178L17.083 17.1005Z\" fill=\"url(#paint2_linear_9_9)\"\/>\n            <path fill-rule=\"evenodd\" clip-rule=\"evenodd\" d=\"M17.083 8.89304L2.88237 0.82616C2.05112 0.350535 1.30487 0.41491 0.862371 0.890535L12.9786 12.9962L17.083 8.89304Z\" fill=\"url(#paint3_linear_9_9)\"\/>\n            <defs>\n            <linearGradient id=\"paint0_linear_9_9\" x1=\"35.6607\" y1=\"-6.74995\" x2=\"-5.23028\" y2=\"12.2052\" gradientUnits=\"userSpaceOnUse\">\n            <stop stop-color=\"#047ED6\"\/>\n            <stop offset=\"1\" stop-color=\"#50E6FF\"\/>\n            <\/linearGradient>\n            <linearGradient id=\"paint1_linear_9_9\" x1=\"24.5643\" y1=\"12.9971\" x2=\"-6.03917\" y2=\"12.9971\" gradientUnits=\"userSpaceOnUse\">\n            <stop stop-color=\"#FFDA1C\"\/>\n            <stop offset=\"1\" stop-color=\"#FEB705\"\/>\n            <\/linearGradient>\n            <linearGradient id=\"paint2_linear_9_9\" x1=\"19.7657\" y1=\"4.95934\" x2=\"-15.0772\" y2=\"45.5368\" gradientUnits=\"userSpaceOnUse\">\n            <stop stop-color=\"#D9414F\"\/>\n            <stop offset=\"1\" stop-color=\"#8C193F\"\/>\n            <\/linearGradient>\n            <linearGradient id=\"paint3_linear_9_9\" x1=\"-2.18997\" y1=\"-6.27096\" x2=\"4.71665\" y2=\"5.36978\" gradientUnits=\"userSpaceOnUse\">\n            <stop stop-color=\"#33C481\"\/>\n            <stop offset=\"1\" stop-color=\"#61E3A7\"\/>\n            <\/linearGradient>\n            <\/defs>\n            <\/svg>\n        <div>\n            <span>Disponible en<\/span>\n            Google Play\n        <\/div>\n    <\/a>\n                                                                                                                                                                                <a href=\"https:\/\/apps.apple.com\/es\/app\/telpark\/id658204860\" class=\"tpk-button tpk-button--app dark\" target=\"_blank\">\n        <svg width=\"25\" height=\"30\" viewBox=\"0 0 25 30\" fill=\"none\" xmlns=\"http:\/\/www.w3.org\/2000\/svg\">\n            <path d=\"M23.643 10.227C23.469 10.362 20.397 12.093 20.397 15.942C20.397 20.394 24.306 21.969 24.423 22.008C24.405 22.104 23.802 24.165 22.362 26.265C21.078 28.113 19.737 29.958 17.697 29.958C15.657 29.958 15.132 28.773 12.777 28.773C10.482 28.773 9.666 29.997 7.8 29.997C5.934 29.997 4.632 28.287 3.135 26.187C1.401 23.721 0 19.89 0 16.254C0 10.422 3.792 7.329 7.524 7.329C9.507 7.329 11.16 8.631 12.405 8.631C13.59 8.631 15.438 7.251 17.694 7.251C18.549 7.251 21.621 7.329 23.643 10.227V10.227ZM16.623 4.782C17.556 3.675 18.216 2.139 18.216 0.603C18.216 0.39 18.198 0.174 18.159 0C16.641 0.057 14.835 1.011 13.746 2.274C12.891 3.246 12.093 4.782 12.093 6.339C12.093 6.573 12.132 6.807 12.15 6.882C12.246 6.9 12.402 6.921 12.558 6.921C13.92 6.921 15.633 6.009 16.623 4.782Z\" fill=\"white\"\/>\n        <\/svg>\n        <div>\n            <span>Disponible en<\/span>\n            Apple Store\n        <\/div>\n    <\/a>\n\n                                                                        <\/div>\n        <\/div>\n    <\/div>\n<\/section>\n","protected":false},"excerpt":{"rendered":"","protected":false},"author":1,"featured_media":0,"parent":0,"menu_order":0,"comment_status":"closed","ping_status":"closed","template":"","meta":[],"yoast_head":"<!-- This site is optimized with the Yoast SEO plugin v20.12 - https:\/\/yoast.com\/wordpress\/plugins\/seo\/ -->\n<title>Residentes - XER Vigo<\/title>\n<meta name=\"robots\" content=\"index, follow, max-snippet:-1, max-image-preview:large, max-video-preview:-1\" \/>\n<link rel=\"canonical\" href=\"https:\/\/xervigo.com\/gl\/residentes\/\" \/>\n<meta property=\"og:locale\" content=\"gl_ES\" \/>\n<meta property=\"og:type\" content=\"article\" \/>\n<meta property=\"og:title\" content=\"Residentes - XER Vigo\" \/>\n<meta property=\"og:url\" content=\"https:\/\/xervigo.com\/gl\/residentes\/\" \/>\n<meta property=\"og:site_name\" content=\"XER Vigo\" \/>\n<meta property=\"article:modified_time\" content=\"2024-01-18T13:43:59+00:00\" \/>\n<meta name=\"twitter:card\" content=\"summary_large_image\" \/>\n<script type=\"application\/ld+json\" class=\"yoast-schema-graph\">{\"@context\":\"https:\/\/schema.org\",\"@graph\":[{\"@type\":\"WebPage\",\"@id\":\"https:\/\/xervigo.com\/gl\/residentes\/\",\"url\":\"https:\/\/xervigo.com\/gl\/residentes\/\",\"name\":\"Residentes - XER Vigo\",\"isPartOf\":{\"@id\":\"https:\/\/xervigo.com\/#website\"},\"datePublished\":\"2023-06-21T09:21:41+00:00\",\"dateModified\":\"2024-01-18T13:43:59+00:00\",\"breadcrumb\":{\"@id\":\"https:\/\/xervigo.com\/gl\/residentes\/#breadcrumb\"},\"inLanguage\":\"gl-ES\",\"potentialAction\":[{\"@type\":\"ReadAction\",\"target\":[\"https:\/\/xervigo.com\/gl\/residentes\/\"]}]},{\"@type\":\"BreadcrumbList\",\"@id\":\"https:\/\/xervigo.com\/gl\/residentes\/#breadcrumb\",\"itemListElement\":[{\"@type\":\"ListItem\",\"position\":1,\"name\":\"Home\",\"item\":\"https:\/\/xervigo.com\/gl\/\"},{\"@type\":\"ListItem\",\"position\":2,\"name\":\"Residentes\"}]},{\"@type\":\"WebSite\",\"@id\":\"https:\/\/xervigo.com\/#website\",\"url\":\"https:\/\/xervigo.com\/\",\"name\":\"XER Vigo\",\"description\":\"Just another ORA Sites site\",\"publisher\":{\"@id\":\"https:\/\/xervigo.com\/#organization\"},\"potentialAction\":[{\"@type\":\"SearchAction\",\"target\":{\"@type\":\"EntryPoint\",\"urlTemplate\":\"https:\/\/xervigo.com\/?s={search_term_string}\"},\"query-input\":\"required name=search_term_string\"}],\"inLanguage\":\"gl-ES\"},{\"@type\":\"Organization\",\"@id\":\"https:\/\/xervigo.com\/#organization\",\"name\":\"XER Vigo\",\"url\":\"https:\/\/xervigo.com\/\",\"logo\":{\"@type\":\"ImageObject\",\"inLanguage\":\"gl-ES\",\"@id\":\"https:\/\/xervigo.com\/#\/schema\/logo\/image\/\",\"url\":\"https:\/\/xervigo.com\/wp-content\/uploads\/sites\/18\/2023\/06\/logo-vigo.jpg\",\"contentUrl\":\"https:\/\/xervigo.com\/wp-content\/uploads\/sites\/18\/2023\/06\/logo-vigo.jpg\",\"width\":128,\"height\":32,\"caption\":\"XER Vigo\"},\"image\":{\"@id\":\"https:\/\/xervigo.com\/#\/schema\/logo\/image\/\"}}]}<\/script>\n<!-- \/ Yoast SEO plugin. -->","yoast_head_json":{"title":"Residentes - XER Vigo","robots":{"index":"index","follow":"follow","max-snippet":"max-snippet:-1","max-image-preview":"max-image-preview:large","max-video-preview":"max-video-preview:-1"},"canonical":"https:\/\/xervigo.com\/gl\/residentes\/","og_locale":"gl_ES","og_type":"article","og_title":"Residentes - XER Vigo","og_url":"https:\/\/xervigo.com\/gl\/residentes\/","og_site_name":"XER Vigo","article_modified_time":"2024-01-18T13:43:59+00:00","twitter_card":"summary_large_image","schema":{"@context":"https:\/\/schema.org","@graph":[{"@type":"WebPage","@id":"https:\/\/xervigo.com\/gl\/residentes\/","url":"https:\/\/xervigo.com\/gl\/residentes\/","name":"Residentes - XER Vigo","isPartOf":{"@id":"https:\/\/xervigo.com\/#website"},"datePublished":"2023-06-21T09:21:41+00:00","dateModified":"2024-01-18T13:43:59+00:00","breadcrumb":{"@id":"https:\/\/xervigo.com\/gl\/residentes\/#breadcrumb"},"inLanguage":"gl-ES","potentialAction":[{"@type":"ReadAction","target":["https:\/\/xervigo.com\/gl\/residentes\/"]}]},{"@type":"BreadcrumbList","@id":"https:\/\/xervigo.com\/gl\/residentes\/#breadcrumb","itemListElement":[{"@type":"ListItem","position":1,"name":"Home","item":"https:\/\/xervigo.com\/gl\/"},{"@type":"ListItem","position":2,"name":"Residentes"}]},{"@type":"WebSite","@id":"https:\/\/xervigo.com\/#website","url":"https:\/\/xervigo.com\/","name":"XER Vigo","description":"Just another ORA Sites site","publisher":{"@id":"https:\/\/xervigo.com\/#organization"},"potentialAction":[{"@type":"SearchAction","target":{"@type":"EntryPoint","urlTemplate":"https:\/\/xervigo.com\/?s={search_term_string}"},"query-input":"required name=search_term_string"}],"inLanguage":"gl-ES"},{"@type":"Organization","@id":"https:\/\/xervigo.com\/#organization","name":"XER Vigo","url":"https:\/\/xervigo.com\/","logo":{"@type":"ImageObject","inLanguage":"gl-ES","@id":"https:\/\/xervigo.com\/#\/schema\/logo\/image\/","url":"https:\/\/xervigo.com\/wp-content\/uploads\/sites\/18\/2023\/06\/logo-vigo.jpg","contentUrl":"https:\/\/xervigo.com\/wp-content\/uploads\/sites\/18\/2023\/06\/logo-vigo.jpg","width":128,"height":32,"caption":"XER Vigo"},"image":{"@id":"https:\/\/xervigo.com\/#\/schema\/logo\/image\/"}}]}},"meta_box":[],"_links":{"self":[{"href":"https:\/\/xervigo.com\/gl\/wp-json\/wp\/v2\/pages\/262"}],"collection":[{"href":"https:\/\/xervigo.com\/gl\/wp-json\/wp\/v2\/pages"}],"about":[{"href":"https:\/\/xervigo.com\/gl\/wp-json\/wp\/v2\/types\/page"}],"author":[{"embeddable":true,"href":"https:\/\/xervigo.com\/gl\/wp-json\/wp\/v2\/users\/1"}],"replies":[{"embeddable":true,"href":"https:\/\/xervigo.com\/gl\/wp-json\/wp\/v2\/comments?post=262"}],"version-history":[{"count":3,"href":"https:\/\/xervigo.com\/gl\/wp-json\/wp\/v2\/pages\/262\/revisions"}],"predecessor-version":[{"id":3788,"href":"https:\/\/xervigo.com\/gl\/wp-json\/wp\/v2\/pages\/262\/revisions\/3788"}],"wp:attachment":[{"href":"https:\/\/xervigo.com\/gl\/wp-json\/wp\/v2\/media?parent=262"}],"curies":[{"name":"wp","href":"https:\/\/api.w.org\/{rel}","templated":true}]}}