{"id":263,"date":"2023-06-21T11:21:29","date_gmt":"2023-06-21T09:21:29","guid":{"rendered":"https:\/\/xervigo.com\/ordenanzas\/"},"modified":"2024-01-18T15:07:02","modified_gmt":"2024-01-18T14:07:02","slug":"ordenanzas","status":"publish","type":"page","link":"https:\/\/xervigo.com\/gl\/ordenanzas\/","title":{"rendered":"Ordenanzas"},"content":{"rendered":"\n<section class=\"tpk-hero                 lower\"\n         style=\"\">\n                        <picture >\n\n                    <source srcset=\"https:\/\/xervigo.com\/wp-content\/uploads\/sites\/18\/2023\/06\/56e55c75ca7e1_banner-residentes-480x300.jpg\" media=\"((min-width: 0rem) and (max-width: 30rem))\">\n                             <source srcset=\"https:\/\/xervigo.com\/wp-content\/uploads\/sites\/18\/2023\/06\/56e55c75ca7e1_banner-residentes-1024x300.jpg\" media=\"(min-width: 30rem) and (max-width: 64rem)\" >\n                            <source srcset=\"https:\/\/xervigo.com\/wp-content\/uploads\/sites\/18\/2023\/06\/56e55c75ca7e1_banner-residentes.jpg\" media=\"(min-width: 64rem)\" >\n        \n        \n                                                                                                        \n        <img src=\"https:\/\/xervigo.com\/wp-content\/uploads\/sites\/18\/2023\/06\/56e55c75ca7e1_banner-residentes.jpg\" alt=\"\"  width=\"1140\" height=\"300\"  loading=\"eager\">\n    <\/picture>\n\n    \n        <div class=\"tpk-hero__content wrapper row\">\n                    <div class=\"col-xs-12 col-sm-12 pr-h pl-h\">\n                                <header class=\"tpk-head  wrapper\">\n    <p class=\"tpk-head__caption\">Funcionalidade<\/p>    <h1 class=\"tpk-head__title\">Ordenanzas<\/h1>    <\/header>\n            \n                    <\/div>\n    <\/div>\n    <\/section>\n<div class=\"tpk-spinner__wrapper\">\n    <div class=\"tpk-spinner\"><\/div>\n<\/div>\n\n<article class=\"tpk-page\">\n    <div class=\"row wrapper center-xs tpk-page__content\">\n        <div class=\"col-xs-12 col-sm-10 col-md-8 pt-4 pb-4\">\n            <blockquote>\n<p>As Ordenanzas constit\u00faen o regulamento para a regulaci\u00f3n da circulaci\u00f3n de veh\u00edculos e pe\u00f3ns, para favorecer a fluidez entre o tr\u00e1fico e o uso peonil das r\u00faas do termo municipal de Vigo, para preservar e promover a seguridade viaria e a prevenci\u00f3n de accidentes.<\/p>\n<\/blockquote>\n\n        <\/div>\n    <\/div>\n<\/article>\n\n<section class=\"tpk-products \">\n    <div class=\"wrapper pl-1 pr-1 pb-3\">\n                <header class=\"tpk-head  wrapper\">\n    <p class=\"tpk-head__caption\">Documentos descargables<\/p>    <h2 class=\"tpk-head__title\">Ordenanzas municipais<\/h2>    <\/header>    <\/div>\n\n    <div class=\"wrapper tpk-products__cards  \">\n        <input type=\"hidden\" id=\"_wpnonce\" name=\"_wpnonce\" value=\"afc57be1eb\" \/><input type=\"hidden\" name=\"_wp_http_referer\" value=\"\/gl\/wp-json\/wp\/v2\/pages\/263\" \/>\n                    <div class=\"tpk-card-product  \">\n\n\t<div class=\"tpk-card-product__head\">\n\t\t\t\t\t<span class=\"icon icon-documento icon--lg\"><\/span>\n\t\t\t\t\t<\/div>\n\t<div class=\"tpk-card-product__content\">\n\t\t<h3 class=\"tpk-card-product__content__title\">Solicitude da tarxeta de residente da XER Vigo<\/h3>\n\t\t\t<\/div>\n\t\t\t\t\t\t\t\t\t\t\t\t\t\t<a  class=\"tpk-button tpk-button--primary tpk-button--lg \" href=\"https:\/\/xervigo.com\/wp-content\/uploads\/sites\/18\/2024\/01\/ARCHIVO-10-34.pdf\"     download >\n    <span>Descarga<\/span>\n            <span class=\"icon icon-download icon--sm\">\n        <\/span>\n    <\/a>\t\t\t\t\t\t\t<\/div>\n                    <div class=\"tpk-card-product  \">\n\n\t<div class=\"tpk-card-product__head\">\n\t\t\t\t\t<span class=\"icon icon-documento icon--lg\"><\/span>\n\t\t\t\t\t<\/div>\n\t<div class=\"tpk-card-product__content\">\n\t\t<h3 class=\"tpk-card-product__content__title\">Ordenanza reguladora de estacionamento na v\u00eda p\u00fablica mediante m\u00e1quinas expendedoras<\/h3>\n\t\t\t<\/div>\n\t\t\t\t\t\t\t\t\t\t\t\t\t\t<a  class=\"tpk-button tpk-button--primary tpk-button--lg \" href=\"https:\/\/xervigo.com\/wp-content\/uploads\/sites\/18\/2024\/01\/ARCHIVO-9-19.pdf\"     download >\n    <span>Descarga<\/span>\n            <span class=\"icon icon-download icon--sm\">\n        <\/span>\n    <\/a>\t\t\t\t\t\t\t<\/div>\n                    <div class=\"tpk-card-product  \">\n\n\t<div class=\"tpk-card-product__head\">\n\t\t\t\t\t<span class=\"icon icon-documento icon--lg\"><\/span>\n\t\t\t\t\t<\/div>\n\t<div class=\"tpk-card-product__content\">\n\t\t<h3 class=\"tpk-card-product__content__title\">Ordenanza de beneficios de propiedade p\u00fablica para o estacionamento de veh\u00edculos<\/h3>\n\t\t\t<\/div>\n\t\t\t\t\t\t\t\t\t\t\t\t\t\t<a  class=\"tpk-button tpk-button--primary tpk-button--lg \" href=\"https:\/\/xervigo.com\/wp-content\/uploads\/sites\/18\/2024\/01\/ARCHIVO-8-6.pdf\"     download >\n    <span>Descarga<\/span>\n            <span class=\"icon icon-download icon--sm\">\n        <\/span>\n    <\/a>\t\t\t\t\t\t\t<\/div>\n            <\/div>\n<\/section>\n\n<article class=\"tpk-page\">\n    <div class=\"row wrapper center-xs tpk-page__content\">\n        <div class=\"col-xs-12 col-sm-10 col-md-8 pt-4 pb-4\">\n            <h3>Preguntas frecuentes<\/h3>\n<blockquote>\n<p>Se tes algunha d\u00fabida, non dubides en consultar a nosa F.A.Q. (Preguntas m\u00e1is frecuentes) onde atopar\u00e1s as preguntas feitas pola maior\u00eda dos usuarios.<\/p>\n<p><a href=\"https:\/\/xervigo.com\/gl\/faqs\/\">VER PREGUNTAS FRECUENTES<\/a><\/p>\n<\/blockquote>\n\n        <\/div>\n    <\/div>\n<\/article>\n\n\n<section class=\"tpk-banner-app \">\n    <div class=\"row wrapper middle-xs\">\n        <div class=\"col-xs-12 col-sm-6 col-no-gutter tpk-banner-app__picture\">\n                                                <picture class=\"hide-xs show-sm\">\n\n                             <source srcset=\"https:\/\/xervigo.com\/wp-content\/uploads\/sites\/18\/2023\/06\/banner_app_qr-488x398.png\" media=\"(min-width: 30rem) and (max-width: 64rem)\" >\n                            <source srcset=\"https:\/\/xervigo.com\/wp-content\/uploads\/sites\/18\/2023\/06\/banner_app_qr.png\" media=\"(min-width: 64rem)\" >\n        \n        \n                                                                                                        \n        <img src=\"https:\/\/xervigo.com\/wp-content\/uploads\/sites\/18\/2023\/06\/banner_app_qr.png\" alt=\"\"  width=\"518\" height=\"398\"  loading=\"lazy\" >\n    <\/picture>\n\n                                <\/div>\n        <div class=\"col-xs-12 col-sm-6 tpk-banner-app__content\">\n                        <header class=\"tpk-head  wrapper\">\n    <p class=\"tpk-head__caption\">Aparca e vai<\/p>    <h2 class=\"tpk-head__title\">Escanea o c\u00f3digo co teu m\u00f3bil para descargar a aplicaci\u00f3n<\/h2>    <\/header>\n                        <div class=\"tpk-banner-app__buttons\">\n                                                                                                                    \n    <a href=\"https:\/\/play.google.com\/store\/apps\/details?id=com.delaware.empark\" class=\"tpk-button tpk-button--app dark\" target=\"_blank\">\n        <svg width=\"23\" height=\"26\" viewBox=\"0 0 23 26\" fill=\"none\" xmlns=\"http:\/\/www.w3.org\/2000\/svg\">\n            <path fill-rule=\"evenodd\" clip-rule=\"evenodd\" d=\"M0.862422 0.87988C0.581172 1.18175 0.419922 1.64675 0.419922 2.25113V23.7411C0.419922 24.3455 0.581172 24.8105 0.873047 25.1018L0.949297 25.1661L12.9905 13.1249V12.8543L0.938672 0.815505L0.862422 0.87988Z\" fill=\"url(#paint0_linear_9_9)\"\/>\n            <path fill-rule=\"evenodd\" clip-rule=\"evenodd\" d=\"M16.9962 17.1543L12.98 13.1368V12.8556L16.9975 8.83807L17.0843 8.89182L21.8362 11.5924C23.1968 12.3593 23.1968 13.6231 21.8362 14.4006L17.0843 17.1012L16.9962 17.1543Z\" fill=\"url(#paint1_linear_9_9)\"\/>\n            <path fill-rule=\"evenodd\" clip-rule=\"evenodd\" d=\"M17.083 17.1005L12.9799 12.9961L0.862371 25.1136C1.30487 25.5892 2.04987 25.643 2.88237 25.178L17.083 17.1005Z\" fill=\"url(#paint2_linear_9_9)\"\/>\n            <path fill-rule=\"evenodd\" clip-rule=\"evenodd\" d=\"M17.083 8.89304L2.88237 0.82616C2.05112 0.350535 1.30487 0.41491 0.862371 0.890535L12.9786 12.9962L17.083 8.89304Z\" fill=\"url(#paint3_linear_9_9)\"\/>\n            <defs>\n            <linearGradient id=\"paint0_linear_9_9\" x1=\"35.6607\" y1=\"-6.74995\" x2=\"-5.23028\" y2=\"12.2052\" gradientUnits=\"userSpaceOnUse\">\n            <stop stop-color=\"#047ED6\"\/>\n            <stop offset=\"1\" stop-color=\"#50E6FF\"\/>\n            <\/linearGradient>\n            <linearGradient id=\"paint1_linear_9_9\" x1=\"24.5643\" y1=\"12.9971\" x2=\"-6.03917\" y2=\"12.9971\" gradientUnits=\"userSpaceOnUse\">\n            <stop stop-color=\"#FFDA1C\"\/>\n            <stop offset=\"1\" stop-color=\"#FEB705\"\/>\n            <\/linearGradient>\n            <linearGradient id=\"paint2_linear_9_9\" x1=\"19.7657\" y1=\"4.95934\" x2=\"-15.0772\" y2=\"45.5368\" gradientUnits=\"userSpaceOnUse\">\n            <stop stop-color=\"#D9414F\"\/>\n            <stop offset=\"1\" stop-color=\"#8C193F\"\/>\n            <\/linearGradient>\n            <linearGradient id=\"paint3_linear_9_9\" x1=\"-2.18997\" y1=\"-6.27096\" x2=\"4.71665\" y2=\"5.36978\" gradientUnits=\"userSpaceOnUse\">\n            <stop stop-color=\"#33C481\"\/>\n            <stop offset=\"1\" stop-color=\"#61E3A7\"\/>\n            <\/linearGradient>\n            <\/defs>\n            <\/svg>\n        <div>\n            <span>Disponible en<\/span>\n            Google Play\n        <\/div>\n    <\/a>\n                                                                                                                                                                                <a href=\"https:\/\/apps.apple.com\/es\/app\/telpark\/id658204860\" class=\"tpk-button tpk-button--app dark\" target=\"_blank\">\n        <svg width=\"25\" height=\"30\" viewBox=\"0 0 25 30\" fill=\"none\" xmlns=\"http:\/\/www.w3.org\/2000\/svg\">\n            <path d=\"M23.643 10.227C23.469 10.362 20.397 12.093 20.397 15.942C20.397 20.394 24.306 21.969 24.423 22.008C24.405 22.104 23.802 24.165 22.362 26.265C21.078 28.113 19.737 29.958 17.697 29.958C15.657 29.958 15.132 28.773 12.777 28.773C10.482 28.773 9.666 29.997 7.8 29.997C5.934 29.997 4.632 28.287 3.135 26.187C1.401 23.721 0 19.89 0 16.254C0 10.422 3.792 7.329 7.524 7.329C9.507 7.329 11.16 8.631 12.405 8.631C13.59 8.631 15.438 7.251 17.694 7.251C18.549 7.251 21.621 7.329 23.643 10.227V10.227ZM16.623 4.782C17.556 3.675 18.216 2.139 18.216 0.603C18.216 0.39 18.198 0.174 18.159 0C16.641 0.057 14.835 1.011 13.746 2.274C12.891 3.246 12.093 4.782 12.093 6.339C12.093 6.573 12.132 6.807 12.15 6.882C12.246 6.9 12.402 6.921 12.558 6.921C13.92 6.921 15.633 6.009 16.623 4.782Z\" fill=\"white\"\/>\n        <\/svg>\n        <div>\n            <span>Disponible en<\/span>\n            Apple Store\n        <\/div>\n    <\/a>\n\n                                                                        <\/div>\n        <\/div>\n    <\/div>\n<\/section>\n","protected":false},"excerpt":{"rendered":"","protected":false},"author":1,"featured_media":0,"parent":0,"menu_order":0,"comment_status":"closed","ping_status":"closed","template":"","meta":[],"yoast_head":"<!-- This site is optimized with the Yoast SEO plugin v20.12 - https:\/\/yoast.com\/wordpress\/plugins\/seo\/ -->\n<title>Ordenanzas - XER Vigo<\/title>\n<meta name=\"robots\" content=\"index, follow, max-snippet:-1, max-image-preview:large, max-video-preview:-1\" \/>\n<link rel=\"canonical\" href=\"https:\/\/xervigo.com\/gl\/ordenanzas\/\" \/>\n<meta property=\"og:locale\" content=\"gl_ES\" \/>\n<meta property=\"og:type\" content=\"article\" \/>\n<meta property=\"og:title\" content=\"Ordenanzas - XER Vigo\" \/>\n<meta property=\"og:url\" content=\"https:\/\/xervigo.com\/gl\/ordenanzas\/\" \/>\n<meta property=\"og:site_name\" content=\"XER Vigo\" \/>\n<meta property=\"article:modified_time\" content=\"2024-01-18T14:07:02+00:00\" \/>\n<meta name=\"twitter:card\" content=\"summary_large_image\" \/>\n<script type=\"application\/ld+json\" class=\"yoast-schema-graph\">{\"@context\":\"https:\/\/schema.org\",\"@graph\":[{\"@type\":\"WebPage\",\"@id\":\"https:\/\/xervigo.com\/gl\/ordenanzas\/\",\"url\":\"https:\/\/xervigo.com\/gl\/ordenanzas\/\",\"name\":\"Ordenanzas - XER Vigo\",\"isPartOf\":{\"@id\":\"https:\/\/xervigo.com\/#website\"},\"datePublished\":\"2023-06-21T09:21:29+00:00\",\"dateModified\":\"2024-01-18T14:07:02+00:00\",\"breadcrumb\":{\"@id\":\"https:\/\/xervigo.com\/gl\/ordenanzas\/#breadcrumb\"},\"inLanguage\":\"gl-ES\",\"potentialAction\":[{\"@type\":\"ReadAction\",\"target\":[\"https:\/\/xervigo.com\/gl\/ordenanzas\/\"]}]},{\"@type\":\"BreadcrumbList\",\"@id\":\"https:\/\/xervigo.com\/gl\/ordenanzas\/#breadcrumb\",\"itemListElement\":[{\"@type\":\"ListItem\",\"position\":1,\"name\":\"Home\",\"item\":\"https:\/\/xervigo.com\/gl\/\"},{\"@type\":\"ListItem\",\"position\":2,\"name\":\"Ordenanzas\"}]},{\"@type\":\"WebSite\",\"@id\":\"https:\/\/xervigo.com\/#website\",\"url\":\"https:\/\/xervigo.com\/\",\"name\":\"XER Vigo\",\"description\":\"Just another ORA Sites site\",\"publisher\":{\"@id\":\"https:\/\/xervigo.com\/#organization\"},\"potentialAction\":[{\"@type\":\"SearchAction\",\"target\":{\"@type\":\"EntryPoint\",\"urlTemplate\":\"https:\/\/xervigo.com\/?s={search_term_string}\"},\"query-input\":\"required name=search_term_string\"}],\"inLanguage\":\"gl-ES\"},{\"@type\":\"Organization\",\"@id\":\"https:\/\/xervigo.com\/#organization\",\"name\":\"XER Vigo\",\"url\":\"https:\/\/xervigo.com\/\",\"logo\":{\"@type\":\"ImageObject\",\"inLanguage\":\"gl-ES\",\"@id\":\"https:\/\/xervigo.com\/#\/schema\/logo\/image\/\",\"url\":\"https:\/\/xervigo.com\/wp-content\/uploads\/sites\/18\/2023\/06\/logo-vigo.jpg\",\"contentUrl\":\"https:\/\/xervigo.com\/wp-content\/uploads\/sites\/18\/2023\/06\/logo-vigo.jpg\",\"width\":128,\"height\":32,\"caption\":\"XER Vigo\"},\"image\":{\"@id\":\"https:\/\/xervigo.com\/#\/schema\/logo\/image\/\"}}]}<\/script>\n<!-- \/ Yoast SEO plugin. -->","yoast_head_json":{"title":"Ordenanzas - XER Vigo","robots":{"index":"index","follow":"follow","max-snippet":"max-snippet:-1","max-image-preview":"max-image-preview:large","max-video-preview":"max-video-preview:-1"},"canonical":"https:\/\/xervigo.com\/gl\/ordenanzas\/","og_locale":"gl_ES","og_type":"article","og_title":"Ordenanzas - XER Vigo","og_url":"https:\/\/xervigo.com\/gl\/ordenanzas\/","og_site_name":"XER Vigo","article_modified_time":"2024-01-18T14:07:02+00:00","twitter_card":"summary_large_image","schema":{"@context":"https:\/\/schema.org","@graph":[{"@type":"WebPage","@id":"https:\/\/xervigo.com\/gl\/ordenanzas\/","url":"https:\/\/xervigo.com\/gl\/ordenanzas\/","name":"Ordenanzas - XER Vigo","isPartOf":{"@id":"https:\/\/xervigo.com\/#website"},"datePublished":"2023-06-21T09:21:29+00:00","dateModified":"2024-01-18T14:07:02+00:00","breadcrumb":{"@id":"https:\/\/xervigo.com\/gl\/ordenanzas\/#breadcrumb"},"inLanguage":"gl-ES","potentialAction":[{"@type":"ReadAction","target":["https:\/\/xervigo.com\/gl\/ordenanzas\/"]}]},{"@type":"BreadcrumbList","@id":"https:\/\/xervigo.com\/gl\/ordenanzas\/#breadcrumb","itemListElement":[{"@type":"ListItem","position":1,"name":"Home","item":"https:\/\/xervigo.com\/gl\/"},{"@type":"ListItem","position":2,"name":"Ordenanzas"}]},{"@type":"WebSite","@id":"https:\/\/xervigo.com\/#website","url":"https:\/\/xervigo.com\/","name":"XER Vigo","description":"Just another ORA Sites site","publisher":{"@id":"https:\/\/xervigo.com\/#organization"},"potentialAction":[{"@type":"SearchAction","target":{"@type":"EntryPoint","urlTemplate":"https:\/\/xervigo.com\/?s={search_term_string}"},"query-input":"required name=search_term_string"}],"inLanguage":"gl-ES"},{"@type":"Organization","@id":"https:\/\/xervigo.com\/#organization","name":"XER Vigo","url":"https:\/\/xervigo.com\/","logo":{"@type":"ImageObject","inLanguage":"gl-ES","@id":"https:\/\/xervigo.com\/#\/schema\/logo\/image\/","url":"https:\/\/xervigo.com\/wp-content\/uploads\/sites\/18\/2023\/06\/logo-vigo.jpg","contentUrl":"https:\/\/xervigo.com\/wp-content\/uploads\/sites\/18\/2023\/06\/logo-vigo.jpg","width":128,"height":32,"caption":"XER Vigo"},"image":{"@id":"https:\/\/xervigo.com\/#\/schema\/logo\/image\/"}}]}},"meta_box":[],"_links":{"self":[{"href":"https:\/\/xervigo.com\/gl\/wp-json\/wp\/v2\/pages\/263"}],"collection":[{"href":"https:\/\/xervigo.com\/gl\/wp-json\/wp\/v2\/pages"}],"about":[{"href":"https:\/\/xervigo.com\/gl\/wp-json\/wp\/v2\/types\/page"}],"author":[{"embeddable":true,"href":"https:\/\/xervigo.com\/gl\/wp-json\/wp\/v2\/users\/1"}],"replies":[{"embeddable":true,"href":"https:\/\/xervigo.com\/gl\/wp-json\/wp\/v2\/comments?post=263"}],"version-history":[{"count":2,"href":"https:\/\/xervigo.com\/gl\/wp-json\/wp\/v2\/pages\/263\/revisions"}],"predecessor-version":[{"id":3930,"href":"https:\/\/xervigo.com\/gl\/wp-json\/wp\/v2\/pages\/263\/revisions\/3930"}],"wp:attachment":[{"href":"https:\/\/xervigo.com\/gl\/wp-json\/wp\/v2\/media?parent=263"}],"curies":[{"name":"wp","href":"https:\/\/api.w.org\/{rel}","templated":true}]}}